{"id":555,"date":"2025-10-03T11:39:01","date_gmt":"2025-10-03T09:39:01","guid":{"rendered":"https:\/\/ipoxic.com\/inicio\/"},"modified":"2026-01-23T12:18:15","modified_gmt":"2026-01-23T11:18:15","slug":"inicio","status":"publish","type":"page","link":"https:\/\/ipoxic.com\/es\/","title":{"rendered":"Inicio"},"content":{"rendered":"\t\t<div data-elementor-type=\"wp-page\" data-elementor-id=\"555\" class=\"elementor elementor-555 elementor-11\" data-elementor-post-type=\"page\">\n\t\t\t\t<div class=\"elementor-element elementor-element-9a1be0f e-con-full e-flex e-con e-parent\" data-id=\"9a1be0f\" data-element_type=\"container\" data-settings=\"{&quot;background_background&quot;:&quot;classic&quot;}\">\n\t\t<div class=\"elementor-element elementor-element-ed5f2ae e-con-full e-flex e-con e-child\" data-id=\"ed5f2ae\" data-element_type=\"container\">\n\t\t\t\t<div class=\"elementor-element elementor-element-48d56cd elementor-align-justify elementor-widget__width-initial elementor-widget elementor-widget-button\" data-id=\"48d56cd\" data-element_type=\"widget\" data-widget_type=\"button.default\">\n\t\t\t\t\t\t\t\t\t\t<a class=\"elementor-button elementor-button-link elementor-size-sm\" href=\"https:\/\/ipoxic.com\/product-category\/women\/\">\n\t\t\t\t\t\t<span class=\"elementor-button-content-wrapper\">\n\t\t\t\t\t\t\t\t\t<span class=\"elementor-button-text\">Mujer<\/span>\n\t\t\t\t\t<\/span>\n\t\t\t\t\t<\/a>\n\t\t\t\t\t\t\t\t<\/div>\n\t\t\t\t<div class=\"elementor-element elementor-element-c8921d3 elementor-align-justify elementor-widget__width-initial elementor-widget elementor-widget-button\" data-id=\"c8921d3\" data-element_type=\"widget\" data-widget_type=\"button.default\">\n\t\t\t\t\t\t\t\t\t\t<a class=\"elementor-button elementor-button-link elementor-size-sm\" href=\"https:\/\/ipoxic.com\/product-category\/men\/\">\n\t\t\t\t\t\t<span class=\"elementor-button-content-wrapper\">\n\t\t\t\t\t\t\t\t\t<span class=\"elementor-button-text\">Hombre<\/span>\n\t\t\t\t\t<\/span>\n\t\t\t\t\t<\/a>\n\t\t\t\t\t\t\t\t<\/div>\n\t\t\t\t<\/div>\n\t\t\t\t<\/div>\n\t\t<div class=\"elementor-element elementor-element-fc6264a e-con-full e-flex e-con e-parent\" data-id=\"fc6264a\" data-element_type=\"container\">\n\t\t\t\t<div class=\"elementor-element elementor-element-b15d420 elementor-widget__width-initial elementor-widget-mobile__width-inherit elementor-widget elementor-widget-text-editor\" data-id=\"b15d420\" data-element_type=\"widget\" data-widget_type=\"text-editor.default\">\n\t\t\t\t\t\t\t\t\t<p><strong>IPOXIC<\/strong> nace a orillas del mar Rojo, tras dos d\u00e9cadas de competici\u00f3n al m\u00e1s alto nivel, los buceadores en apnea Pascal Berger y Miguel Lozano han unido sus fuerzas para hacer realidad la \u00fanica marca de ropa de buceo en apnea.<\/p>\t\t\t\t\t\t\t\t<\/div>\n\t\t\t\t<div class=\"elementor-element elementor-element-93552cd elementor-widget elementor-widget-image\" data-id=\"93552cd\" data-element_type=\"widget\" data-widget_type=\"image.default\">\n\t\t\t\t\t\t\t\t\t\t\t\t\t\t\t<img decoding=\"async\" width=\"180\" height=\"72\" src=\"https:\/\/ipoxic.com\/wp-content\/uploads\/2025\/10\/aeg8.png\" class=\"attachment-full size-full wp-image-551\" alt=\"\" \/>\t\t\t\t\t\t\t\t\t\t\t\t\t\t\t<\/div>\n\t\t\t\t<\/div>\n\t\t<div class=\"elementor-element elementor-element-0deb385 e-con-full contenedor-full e-flex e-con e-parent\" data-id=\"0deb385\" data-element_type=\"container\">\n\t\t<a class=\"elementor-element elementor-element-3d2f230 e-con-full e-flex e-con e-child\" data-id=\"3d2f230\" data-element_type=\"container\" data-settings=\"{&quot;background_background&quot;:&quot;classic&quot;}\" href=\"https:\/\/ipoxic.com\/product-category\/men\/\">\n\t\t\t\t<div class=\"elementor-element elementor-element-0918a3f elementor-widget elementor-widget-heading\" data-id=\"0918a3f\" data-element_type=\"widget\" data-widget_type=\"heading.default\">\n\t\t\t\t\t<p class=\"elementor-heading-title elementor-size-default\">Hombre<\/p>\t\t\t\t<\/div>\n\t\t\t\t<div class=\"elementor-element elementor-element-ce80b19 elementor-widget elementor-widget-heading\" data-id=\"ce80b19\" data-element_type=\"widget\" data-widget_type=\"heading.default\">\n\t\t\t\t\t<p class=\"elementor-heading-title elementor-size-default\">Compra ahora<\/p>\t\t\t\t<\/div>\n\t\t\t\t<\/a>\n\t\t<a class=\"elementor-element elementor-element-7d084da e-con-full e-flex e-con e-child\" data-id=\"7d084da\" data-element_type=\"container\" data-settings=\"{&quot;background_background&quot;:&quot;classic&quot;}\" href=\"https:\/\/ipoxic.com\/product-category\/women\/\">\n\t\t\t\t<div class=\"elementor-element elementor-element-93e5286 elementor-widget elementor-widget-heading\" data-id=\"93e5286\" data-element_type=\"widget\" data-widget_type=\"heading.default\">\n\t\t\t\t\t<p class=\"elementor-heading-title elementor-size-default\">Mujer<\/p>\t\t\t\t<\/div>\n\t\t\t\t<div class=\"elementor-element elementor-element-e74911d elementor-widget elementor-widget-heading\" data-id=\"e74911d\" data-element_type=\"widget\" data-widget_type=\"heading.default\">\n\t\t\t\t\t<p class=\"elementor-heading-title elementor-size-default\">Compra ahora<\/p>\t\t\t\t<\/div>\n\t\t\t\t<\/a>\n\t\t\t\t<\/div>\n\t\t<div class=\"elementor-element elementor-element-f93fd26 e-con-full contenedor-full e-flex e-con e-parent\" data-id=\"f93fd26\" data-element_type=\"container\">\n\t\t\t\t<div class=\"elementor-element elementor-element-dc513b2 elementor-widget elementor-widget-heading\" data-id=\"dc513b2\" data-element_type=\"widget\" data-widget_type=\"heading.default\">\n\t\t\t\t\t<h2 class=\"elementor-heading-title elementor-size-default\"><b>BESTSELLERS<\/b>: los favoritos de la comunidad acu\u00e1tica<\/h2>\t\t\t\t<\/div>\n\t\t\t\t<div class=\"woocommerce elementor-element elementor-element-407e18e elementor-widget__width-inherit elementor-arrows-position-inside elementor-widget elementor-widget-loop-carousel\" data-id=\"407e18e\" data-element_type=\"widget\" data-settings=\"{&quot;_skin&quot;:&quot;product&quot;,&quot;template_id&quot;:207,&quot;image_spacing_custom&quot;:{&quot;unit&quot;:&quot;px&quot;,&quot;size&quot;:30,&quot;sizes&quot;:[]},&quot;slides_to_show_mobile&quot;:&quot;2&quot;,&quot;image_spacing_custom_tablet&quot;:{&quot;unit&quot;:&quot;px&quot;,&quot;size&quot;:30,&quot;sizes&quot;:[]},&quot;image_spacing_custom_mobile&quot;:{&quot;unit&quot;:&quot;px&quot;,&quot;size&quot;:12,&quot;sizes&quot;:[]},&quot;slides_to_show&quot;:&quot;3&quot;,&quot;slides_to_show_laptop&quot;:&quot;3&quot;,&quot;slides_to_show_tablet&quot;:&quot;2&quot;,&quot;slides_to_scroll&quot;:&quot;1&quot;,&quot;edit_handle_selector&quot;:&quot;.elementor-loop-container&quot;,&quot;autoplay&quot;:&quot;yes&quot;,&quot;autoplay_speed&quot;:5000,&quot;pause_on_hover&quot;:&quot;yes&quot;,&quot;pause_on_interaction&quot;:&quot;yes&quot;,&quot;infinite&quot;:&quot;yes&quot;,&quot;speed&quot;:500,&quot;offset_sides&quot;:&quot;none&quot;,&quot;arrows&quot;:&quot;yes&quot;,&quot;image_spacing_custom_laptop&quot;:{&quot;unit&quot;:&quot;px&quot;,&quot;size&quot;:&quot;&quot;,&quot;sizes&quot;:[]}}\" data-widget_type=\"loop-carousel.product\">\n\t\t\t\t\t\t\t<div class=\"swiper elementor-loop-container elementor-grid\" role=\"list\" dir=\"ltr\">\n\t\t\t\t<div class=\"swiper-wrapper\" aria-live=\"off\">\n\t\t<style id=\"loop-207\">.elementor-207 .elementor-element.elementor-element-785ebdf{--display:flex;--flex-direction:column;--container-widget-width:calc( ( 1 - var( --container-widget-flex-grow ) ) * 100% );--container-widget-height:initial;--container-widget-flex-grow:0;--container-widget-align-self:initial;--flex-wrap-mobile:wrap;--justify-content:flex-start;--align-items:flex-start;--gap:4px 0px;--row-gap:4px;--column-gap:0px;--padding-top:0px;--padding-bottom:0px;--padding-left:0px;--padding-right:0px;}.elementor-207 .elementor-element.elementor-element-5622407{width:100%;max-width:100%;margin:0px 0px calc(var(--kit-widget-spacing, 0px) + 14px) 0px;}.elementor-207 .elementor-element.elementor-element-5622407 img{width:100vw;height:36em;object-fit:cover;object-position:center center;}.elementor-207 .elementor-element.elementor-element-c93ece5{text-align:start;}.elementor-207 .elementor-element.elementor-element-c93ece5 .elementor-heading-title{font-size:16px;font-weight:500;text-transform:uppercase;color:var( --e-global-color-text );}.elementor-207 .elementor-element.elementor-element-5759f13{text-align:start;}.elementor-207 .elementor-element.elementor-element-5759f13 .elementor-heading-title{font-size:20px;font-weight:300;}@media(max-width:1366px){.elementor-207 .elementor-element.elementor-element-5622407 img{height:550px;}}@media(max-width:1024px){.elementor-207 .elementor-element.elementor-element-c93ece5 .elementor-heading-title{font-size:15px;}.elementor-207 .elementor-element.elementor-element-5759f13 .elementor-heading-title{font-size:18px;}}@media(max-width:767px){.elementor-207 .elementor-element.elementor-element-5622407{margin:0px 0px calc(var(--kit-widget-spacing, 0px) + 10px) 0px;}.elementor-207 .elementor-element.elementor-element-5622407 img{height:300px;}.elementor-207 .elementor-element.elementor-element-c93ece5 .elementor-heading-title{font-size:14px;}.elementor-207 .elementor-element.elementor-element-5759f13 .elementor-heading-title{font-size:17px;}}<\/style>\t\t<div data-elementor-type=\"loop-item\" data-elementor-id=\"207\" class=\"elementor elementor-207 swiper-slide e-loop-item e-loop-item-595 post-595 product type-product status-publish has-post-thumbnail product_cat-mujer product_cat-sudaderas-mujer first instock shipping-taxable purchasable product-type-variable has-default-attributes\" data-elementor-post-type=\"elementor_library\" role=\"group\" aria-roledescription=\"slide\" data-custom-edit-handle=\"1\">\n\t\t\t<a class=\"elementor-element elementor-element-785ebdf e-flex e-con-boxed e-con e-parent\" data-id=\"785ebdf\" data-element_type=\"container\" href=\"https:\/\/ipoxic.com\/es\/producto\/sudadera-con-capucha-para-mujer-ipoxic-cruiser-2-0\/\">\n\t\t\t\t\t<div class=\"e-con-inner\">\n\t\t\t\t<div class=\"elementor-element elementor-element-5622407 elementor-widget__width-inherit elementor-widget elementor-widget-theme-post-featured-image elementor-widget-image\" data-id=\"5622407\" data-element_type=\"widget\" data-widget_type=\"theme-post-featured-image.default\">\n\t\t\t\t\t\t\t\t\t\t\t\t\t\t\t<img fetchpriority=\"high\" decoding=\"async\" width=\"1440\" height=\"1806\" src=\"https:\/\/ipoxic.com\/wp-content\/uploads\/2026\/01\/Hoody-Aloe.jpg\" class=\"attachment-full size-full wp-image-589\" alt=\"\" srcset=\"https:\/\/ipoxic.com\/wp-content\/uploads\/2026\/01\/Hoody-Aloe.jpg 1440w, https:\/\/ipoxic.com\/wp-content\/uploads\/2026\/01\/Hoody-Aloe-239x300.jpg 239w, https:\/\/ipoxic.com\/wp-content\/uploads\/2026\/01\/Hoody-Aloe-816x1024.jpg 816w, https:\/\/ipoxic.com\/wp-content\/uploads\/2026\/01\/Hoody-Aloe-768x963.jpg 768w, https:\/\/ipoxic.com\/wp-content\/uploads\/2026\/01\/Hoody-Aloe-1225x1536.jpg 1225w, https:\/\/ipoxic.com\/wp-content\/uploads\/2026\/01\/Hoody-Aloe-300x376.jpg 300w, https:\/\/ipoxic.com\/wp-content\/uploads\/2026\/01\/Hoody-Aloe-600x753.jpg 600w\" sizes=\"(max-width: 1440px) 100vw, 1440px\" \/>\t\t\t\t\t\t\t\t\t\t\t\t\t\t\t<\/div>\n\t\t\t\t<div class=\"elementor-element elementor-element-c93ece5 elementor-widget elementor-widget-theme-post-title elementor-page-title elementor-widget-heading\" data-id=\"c93ece5\" data-element_type=\"widget\" data-widget_type=\"theme-post-title.default\">\n\t\t\t\t\t<h1 class=\"elementor-heading-title elementor-size-default\">Sudadera con capucha para mujer &#8211; Ipoxic Cruiser 2.0<\/h1>\t\t\t\t<\/div>\n\t\t\t\t<div class=\"elementor-element elementor-element-5759f13 elementor-widget elementor-widget-heading\" data-id=\"5759f13\" data-element_type=\"widget\" data-widget_type=\"heading.default\">\n\t\t\t\t\t<p class=\"elementor-heading-title elementor-size-default\"><span class=\"woocommerce-Price-amount amount\">69.00&nbsp;<span class=\"woocommerce-Price-currencySymbol\">&euro;<\/span><\/span><\/p>\t\t\t\t<\/div>\n\t\t\t\t\t<\/div>\n\t\t\t\t<\/a>\n\t\t\t\t<\/div>\n\t\t\t\t<div data-elementor-type=\"loop-item\" data-elementor-id=\"207\" class=\"elementor elementor-207 swiper-slide e-loop-item e-loop-item-604 post-604 product type-product status-publish has-post-thumbnail product_cat-hombre product_cat-sudaderas  instock shipping-taxable purchasable product-type-variable has-default-attributes\" data-elementor-post-type=\"elementor_library\" role=\"group\" aria-roledescription=\"slide\" data-custom-edit-handle=\"1\">\n\t\t\t<a class=\"elementor-element elementor-element-785ebdf e-flex e-con-boxed e-con e-parent\" data-id=\"785ebdf\" data-element_type=\"container\" href=\"https:\/\/ipoxic.com\/es\/producto\/sudadera-con-capucha-para-hombre-ipoxic-cruiser-2-0\/\">\n\t\t\t\t\t<div class=\"e-con-inner\">\n\t\t\t\t<div class=\"elementor-element elementor-element-5622407 elementor-widget__width-inherit elementor-widget elementor-widget-theme-post-featured-image elementor-widget-image\" data-id=\"5622407\" data-element_type=\"widget\" data-widget_type=\"theme-post-featured-image.default\">\n\t\t\t\t\t\t\t\t\t\t\t\t\t\t\t<img decoding=\"async\" width=\"1440\" height=\"1806\" src=\"https:\/\/ipoxic.com\/wp-content\/uploads\/2026\/01\/Hoody-Lavender.jpg\" class=\"attachment-full size-full wp-image-596\" alt=\"\" srcset=\"https:\/\/ipoxic.com\/wp-content\/uploads\/2026\/01\/Hoody-Lavender.jpg 1440w, https:\/\/ipoxic.com\/wp-content\/uploads\/2026\/01\/Hoody-Lavender-239x300.jpg 239w, https:\/\/ipoxic.com\/wp-content\/uploads\/2026\/01\/Hoody-Lavender-816x1024.jpg 816w, https:\/\/ipoxic.com\/wp-content\/uploads\/2026\/01\/Hoody-Lavender-768x963.jpg 768w, https:\/\/ipoxic.com\/wp-content\/uploads\/2026\/01\/Hoody-Lavender-1225x1536.jpg 1225w, https:\/\/ipoxic.com\/wp-content\/uploads\/2026\/01\/Hoody-Lavender-300x376.jpg 300w, https:\/\/ipoxic.com\/wp-content\/uploads\/2026\/01\/Hoody-Lavender-600x753.jpg 600w\" sizes=\"(max-width: 1440px) 100vw, 1440px\" \/>\t\t\t\t\t\t\t\t\t\t\t\t\t\t\t<\/div>\n\t\t\t\t<div class=\"elementor-element elementor-element-c93ece5 elementor-widget elementor-widget-theme-post-title elementor-page-title elementor-widget-heading\" data-id=\"c93ece5\" data-element_type=\"widget\" data-widget_type=\"theme-post-title.default\">\n\t\t\t\t\t<h1 class=\"elementor-heading-title elementor-size-default\">Sudadera con capucha para hombre &#8211; Ipoxic Cruiser 2.0<\/h1>\t\t\t\t<\/div>\n\t\t\t\t<div class=\"elementor-element elementor-element-5759f13 elementor-widget elementor-widget-heading\" data-id=\"5759f13\" data-element_type=\"widget\" data-widget_type=\"heading.default\">\n\t\t\t\t\t<p class=\"elementor-heading-title elementor-size-default\"><span class=\"woocommerce-Price-amount amount\">69.00&nbsp;<span class=\"woocommerce-Price-currencySymbol\">&euro;<\/span><\/span><\/p>\t\t\t\t<\/div>\n\t\t\t\t\t<\/div>\n\t\t\t\t<\/a>\n\t\t\t\t<\/div>\n\t\t\t\t<div data-elementor-type=\"loop-item\" data-elementor-id=\"207\" class=\"elementor elementor-207 swiper-slide e-loop-item e-loop-item-617 post-617 product type-product status-publish has-post-thumbnail product_cat-camisetas-mujer product_cat-mujer  instock shipping-taxable purchasable product-type-variable has-default-attributes\" data-elementor-post-type=\"elementor_library\" role=\"group\" aria-roledescription=\"slide\" data-custom-edit-handle=\"1\">\n\t\t\t<a class=\"elementor-element elementor-element-785ebdf e-flex e-con-boxed e-con e-parent\" data-id=\"785ebdf\" data-element_type=\"container\" href=\"https:\/\/ipoxic.com\/es\/producto\/camiseta-de-mujer-ipoxic-creator-2-0\/\">\n\t\t\t\t\t<div class=\"e-con-inner\">\n\t\t\t\t<div class=\"elementor-element elementor-element-5622407 elementor-widget__width-inherit elementor-widget elementor-widget-theme-post-featured-image elementor-widget-image\" data-id=\"5622407\" data-element_type=\"widget\" data-widget_type=\"theme-post-featured-image.default\">\n\t\t\t\t\t\t\t\t\t\t\t\t\t\t\t<img loading=\"lazy\" decoding=\"async\" width=\"1440\" height=\"1806\" src=\"https:\/\/ipoxic.com\/wp-content\/uploads\/2026\/01\/W-Khaki.jpg\" class=\"attachment-full size-full wp-image-605\" alt=\"\" srcset=\"https:\/\/ipoxic.com\/wp-content\/uploads\/2026\/01\/W-Khaki.jpg 1440w, https:\/\/ipoxic.com\/wp-content\/uploads\/2026\/01\/W-Khaki-239x300.jpg 239w, https:\/\/ipoxic.com\/wp-content\/uploads\/2026\/01\/W-Khaki-816x1024.jpg 816w, https:\/\/ipoxic.com\/wp-content\/uploads\/2026\/01\/W-Khaki-768x963.jpg 768w, https:\/\/ipoxic.com\/wp-content\/uploads\/2026\/01\/W-Khaki-1225x1536.jpg 1225w, https:\/\/ipoxic.com\/wp-content\/uploads\/2026\/01\/W-Khaki-300x376.jpg 300w, https:\/\/ipoxic.com\/wp-content\/uploads\/2026\/01\/W-Khaki-600x753.jpg 600w\" sizes=\"(max-width: 1440px) 100vw, 1440px\" \/>\t\t\t\t\t\t\t\t\t\t\t\t\t\t\t<\/div>\n\t\t\t\t<div class=\"elementor-element elementor-element-c93ece5 elementor-widget elementor-widget-theme-post-title elementor-page-title elementor-widget-heading\" data-id=\"c93ece5\" data-element_type=\"widget\" data-widget_type=\"theme-post-title.default\">\n\t\t\t\t\t<h1 class=\"elementor-heading-title elementor-size-default\">Camiseta de mujer &#8211; Ipoxic Creator 2.0<\/h1>\t\t\t\t<\/div>\n\t\t\t\t<div class=\"elementor-element elementor-element-5759f13 elementor-widget elementor-widget-heading\" data-id=\"5759f13\" data-element_type=\"widget\" data-widget_type=\"heading.default\">\n\t\t\t\t\t<p class=\"elementor-heading-title elementor-size-default\"><span class=\"woocommerce-Price-amount amount\">39.00&nbsp;<span class=\"woocommerce-Price-currencySymbol\">&euro;<\/span><\/span><\/p>\t\t\t\t<\/div>\n\t\t\t\t\t<\/div>\n\t\t\t\t<\/a>\n\t\t\t\t<\/div>\n\t\t\t\t<div data-elementor-type=\"loop-item\" data-elementor-id=\"207\" class=\"elementor elementor-207 swiper-slide e-loop-item e-loop-item-631 post-631 product type-product status-publish has-post-thumbnail product_cat-camisetas product_cat-hombre last instock shipping-taxable purchasable product-type-variable has-default-attributes\" data-elementor-post-type=\"elementor_library\" role=\"group\" aria-roledescription=\"slide\" data-custom-edit-handle=\"1\">\n\t\t\t<a class=\"elementor-element elementor-element-785ebdf e-flex e-con-boxed e-con e-parent\" data-id=\"785ebdf\" data-element_type=\"container\" href=\"https:\/\/ipoxic.com\/es\/producto\/camisetas-de-hombre-ipoxic-creator-2-0\/\">\n\t\t\t\t\t<div class=\"e-con-inner\">\n\t\t\t\t<div class=\"elementor-element elementor-element-5622407 elementor-widget__width-inherit elementor-widget elementor-widget-theme-post-featured-image elementor-widget-image\" data-id=\"5622407\" data-element_type=\"widget\" data-widget_type=\"theme-post-featured-image.default\">\n\t\t\t\t\t\t\t\t\t\t\t\t\t\t\t<img loading=\"lazy\" decoding=\"async\" width=\"1440\" height=\"1806\" src=\"https:\/\/ipoxic.com\/wp-content\/uploads\/2026\/01\/Green-bay.jpg\" class=\"attachment-full size-full wp-image-618\" alt=\"\" srcset=\"https:\/\/ipoxic.com\/wp-content\/uploads\/2026\/01\/Green-bay.jpg 1440w, https:\/\/ipoxic.com\/wp-content\/uploads\/2026\/01\/Green-bay-300x376.jpg 300w, https:\/\/ipoxic.com\/wp-content\/uploads\/2026\/01\/Green-bay-600x753.jpg 600w, https:\/\/ipoxic.com\/wp-content\/uploads\/2026\/01\/Green-bay-239x300.jpg 239w, https:\/\/ipoxic.com\/wp-content\/uploads\/2026\/01\/Green-bay-816x1024.jpg 816w, https:\/\/ipoxic.com\/wp-content\/uploads\/2026\/01\/Green-bay-768x963.jpg 768w, https:\/\/ipoxic.com\/wp-content\/uploads\/2026\/01\/Green-bay-1225x1536.jpg 1225w\" sizes=\"(max-width: 1440px) 100vw, 1440px\" \/>\t\t\t\t\t\t\t\t\t\t\t\t\t\t\t<\/div>\n\t\t\t\t<div class=\"elementor-element elementor-element-c93ece5 elementor-widget elementor-widget-theme-post-title elementor-page-title elementor-widget-heading\" data-id=\"c93ece5\" data-element_type=\"widget\" data-widget_type=\"theme-post-title.default\">\n\t\t\t\t\t<h1 class=\"elementor-heading-title elementor-size-default\">Camisetas de hombre &#8211; Ipoxic Creator 2.0<\/h1>\t\t\t\t<\/div>\n\t\t\t\t<div class=\"elementor-element elementor-element-5759f13 elementor-widget elementor-widget-heading\" data-id=\"5759f13\" data-element_type=\"widget\" data-widget_type=\"heading.default\">\n\t\t\t\t\t<p class=\"elementor-heading-title elementor-size-default\"><span class=\"woocommerce-Price-amount amount\">39.00&nbsp;<span class=\"woocommerce-Price-currencySymbol\">&euro;<\/span><\/span><\/p>\t\t\t\t<\/div>\n\t\t\t\t\t<\/div>\n\t\t\t\t<\/a>\n\t\t\t\t<\/div>\n\t\t\t\t<\/div>\n\t\t<\/div>\n\t\t\t\t\t<div class=\"elementor-swiper-button elementor-swiper-button-prev\" role=\"button\" tabindex=\"0\" aria-label=\"Anterior\">\n\t\t\t\t<svg xmlns=\"http:\/\/www.w3.org\/2000\/svg\" width=\"19\" height=\"17\" viewBox=\"0 0 19 17\" fill=\"none\"><path d=\"M17.8125 7.28565H3.72281L8.037 1.99133C8.45737 1.47647 8.3885 0.710251 7.885 0.281606C7.38031 -0.148254 6.63219 -0.0778252 6.213 0.437035L0.2755 7.7228C0.229187 7.77987 0.205438 7.84665 0.171 7.9098C0.1425 7.9608 0.108062 8.00451 0.0866875 8.06037C0.03325 8.20001 0.0011875 8.34694 0.0011875 8.49509C0.0011875 8.4963 0 8.49873 0 8.49994C0 8.50116 0.0011875 8.50359 0.0011875 8.5048C0.0011875 8.65295 0.03325 8.79988 0.0866875 8.93952C0.108062 8.99538 0.1425 9.03909 0.171 9.09009C0.205438 9.15323 0.229187 9.22002 0.2755 9.27709L6.213 16.5629C6.44812 16.8506 6.78537 17 7.125 17C7.39338 17 7.66294 16.9077 7.885 16.7183C8.3885 16.2896 8.45737 15.5234 8.037 15.0086L3.72281 9.71424H17.8125C18.468 9.71424 19 9.17023 19 8.49994C19 7.82965 18.468 7.28565 17.8125 7.28565\" fill=\"#0D1C2E\"><\/path><\/svg>\t\t\t<\/div>\n\t\t\t<div class=\"elementor-swiper-button elementor-swiper-button-next\" role=\"button\" tabindex=\"0\" aria-label=\"Siguiente\">\n\t\t\t\t<svg xmlns=\"http:\/\/www.w3.org\/2000\/svg\" width=\"19\" height=\"17\" viewBox=\"0 0 19 17\" fill=\"none\"><path d=\"M1.1875 7.28565H15.2772L10.963 1.99133C10.5426 1.47647 10.6115 0.710251 11.115 0.281606C11.6197 -0.148254 12.3678 -0.0778252 12.787 0.437035L18.7245 7.7228C18.7708 7.77987 18.7946 7.84665 18.829 7.9098C18.8575 7.9608 18.8919 8.00451 18.9133 8.06037C18.9668 8.20001 18.9988 8.34694 18.9988 8.49509C18.9988 8.4963 19 8.49873 19 8.49994C19 8.50116 18.9988 8.50359 18.9988 8.5048C18.9988 8.65295 18.9668 8.79988 18.9133 8.93952C18.8919 8.99538 18.8575 9.03909 18.829 9.09009C18.7946 9.15323 18.7708 9.22002 18.7245 9.27709L12.787 16.5629C12.5519 16.8506 12.2146 17 11.875 17C11.6066 17 11.3371 16.9077 11.115 16.7183C10.6115 16.2896 10.5426 15.5234 10.963 15.0086L15.2772 9.71424H1.1875C0.532 9.71424 0 9.17023 0 8.49994C0 7.82965 0.532 7.28565 1.1875 7.28565\" fill=\"#0D1C2E\"><\/path><\/svg>\t\t\t<\/div>\n\t\t\t\t\t\t<\/div>\n\t\t\t\t<\/div>\n\t\t<div class=\"elementor-element elementor-element-6f425c5 e-con-full contenedor-full e-flex e-con e-parent\" data-id=\"6f425c5\" data-element_type=\"container\">\n\t\t<a class=\"elementor-element elementor-element-70b877b e-con-full e-flex e-con e-child\" data-id=\"70b877b\" data-element_type=\"container\" data-settings=\"{&quot;background_background&quot;:&quot;classic&quot;}\" href=\"https:\/\/ipoxic.com\/about-us\/\">\n\t\t\t\t<div class=\"elementor-element elementor-element-c38911b elementor-widget elementor-widget-heading\" data-id=\"c38911b\" data-element_type=\"widget\" data-widget_type=\"heading.default\">\n\t\t\t\t\t<p class=\"elementor-heading-title elementor-size-default\">Sobre nosotros<\/p>\t\t\t\t<\/div>\n\t\t\t\t<div class=\"elementor-element elementor-element-892c907 elementor-widget elementor-widget-heading\" data-id=\"892c907\" data-element_type=\"widget\" data-widget_type=\"heading.default\">\n\t\t\t\t\t<p class=\"elementor-heading-title elementor-size-default\">Descubrir m\u00e1s<\/p>\t\t\t\t<\/div>\n\t\t\t\t<\/a>\n\t\t<div class=\"elementor-element elementor-element-afc883c e-con-full e-flex e-con e-child\" data-id=\"afc883c\" data-element_type=\"container\">\n\t\t\t\t<div class=\"elementor-element elementor-element-ca12af2 elementor-widget elementor-widget-heading\" data-id=\"ca12af2\" data-element_type=\"widget\" data-widget_type=\"heading.default\">\n\t\t\t\t\t<h3 class=\"elementor-heading-title elementor-size-default\">Marca de ropa para buceo libre, creada por mentes oxigenadas, saladas y profundas.<\/h3>\t\t\t\t<\/div>\n\t\t\t\t<div class=\"elementor-element elementor-element-59d2e13 elementor-widget elementor-widget-text-editor\" data-id=\"59d2e13\" data-element_type=\"widget\" data-widget_type=\"text-editor.default\">\n\t\t\t\t\t\t\t\t\t<p>Nos gusta vivir entre la locura de la tierra y la calma del mar profundo. La hipoxia es nuestro estado natural.<br>Ideal para buceadores libres y amantes del mar.<\/p><p>Nacidos a orillas del mar Rojo, tras dos d\u00e9cadas de competici\u00f3n al m\u00e1s alto nivel, los buceadores en apnea Pascal Berger y Miguel Lozano han unido sus fuerzas para hacer realidad la \u00fanica marca de ropa de buceo en apnea.<\/p>\t\t\t\t\t\t\t\t<\/div>\n\t\t\t\t<\/div>\n\t\t\t\t<\/div>\n\t\t\t\t<\/div>\n\t\t","protected":false},"excerpt":{"rendered":"<p>Mujer Hombre IPOXIC nace a orillas del mar Rojo, tras dos d\u00e9cadas de competici\u00f3n al m\u00e1s alto nivel, los buceadores en apnea Pascal Berger y Miguel Lozano han unido sus fuerzas para hacer realidad la \u00fanica marca de ropa de buceo en apnea. Hombre Compra ahora Mujer Compra ahora BESTSELLERS: los favoritos de la comunidad [&hellip;]<\/p>\n","protected":false},"author":1,"featured_media":0,"parent":0,"menu_order":0,"comment_status":"closed","ping_status":"closed","template":"","meta":{"_acf_changed":false,"footnotes":""},"class_list":["post-555","page","type-page","status-publish","hentry"],"acf":[],"_links":{"self":[{"href":"https:\/\/ipoxic.com\/es\/wp-json\/wp\/v2\/pages\/555","targetHints":{"allow":["GET"]}}],"collection":[{"href":"https:\/\/ipoxic.com\/es\/wp-json\/wp\/v2\/pages"}],"about":[{"href":"https:\/\/ipoxic.com\/es\/wp-json\/wp\/v2\/types\/page"}],"author":[{"embeddable":true,"href":"https:\/\/ipoxic.com\/es\/wp-json\/wp\/v2\/users\/1"}],"replies":[{"embeddable":true,"href":"https:\/\/ipoxic.com\/es\/wp-json\/wp\/v2\/comments?post=555"}],"version-history":[{"count":3,"href":"https:\/\/ipoxic.com\/es\/wp-json\/wp\/v2\/pages\/555\/revisions"}],"predecessor-version":[{"id":563,"href":"https:\/\/ipoxic.com\/es\/wp-json\/wp\/v2\/pages\/555\/revisions\/563"}],"wp:attachment":[{"href":"https:\/\/ipoxic.com\/es\/wp-json\/wp\/v2\/media?parent=555"}],"curies":[{"name":"wp","href":"https:\/\/api.w.org\/{rel}","templated":true}]}}