{"id":560,"date":"2025-10-03T11:39:26","date_gmt":"2025-10-03T09:39:26","guid":{"rendered":"https:\/\/ipoxic.com\/sobre-nosotros\/"},"modified":"2026-02-25T15:25:09","modified_gmt":"2026-02-25T14:25:09","slug":"sobre-nosotros","status":"publish","type":"page","link":"https:\/\/ipoxic.com\/es\/sobre-nosotros\/","title":{"rendered":"Sobre nosotros"},"content":{"rendered":"\t\t<div data-elementor-type=\"wp-page\" data-elementor-id=\"560\" class=\"elementor elementor-560 elementor-14\" data-elementor-post-type=\"page\">\n\t\t\t\t<div class=\"elementor-element elementor-element-01970b7 e-con-full e-flex e-con e-parent\" data-id=\"01970b7\" data-element_type=\"container\" data-settings=\"{&quot;background_background&quot;:&quot;classic&quot;}\">\n\t\t\t\t<div class=\"elementor-element elementor-element-f960354 elementor-widget elementor-widget-spacer\" data-id=\"f960354\" data-element_type=\"widget\" data-widget_type=\"spacer.default\">\n\t\t\t\t\t\t\t<div class=\"elementor-spacer\">\n\t\t\t<div class=\"elementor-spacer-inner\"><\/div>\n\t\t<\/div>\n\t\t\t\t\t\t<\/div>\n\t\t\t\t<\/div>\n\t\t<div class=\"elementor-element elementor-element-43e9e7e e-con-full contenedor-full e-flex e-con e-parent\" data-id=\"43e9e7e\" data-element_type=\"container\">\n\t\t\t\t<div class=\"elementor-element elementor-element-9c9c4d1 elementor-widget__width-inherit elementor-widget elementor-widget-text-editor\" data-id=\"9c9c4d1\" data-element_type=\"widget\" data-widget_type=\"text-editor.default\">\n\t\t\t\t\t\t\t\t\t<p>IPOXIC naci\u00f3 en Dahab, a orillas del Mar Rojo, donde la apnea no es s\u00f3lo un deporte: es una forma de vida. Entre el silencio del Blue Hole y el viento del desierto, aprendimos que la profundidad no se mide en metros, sino en la capacidad de encontrar la quietud dentro del movimiento.<\/p><p>Esta filosof\u00eda dio forma a una comunidad que creci\u00f3 alrededor de Dahab y el Mar Rojo: atletas, instructores, viajeros, amantes del oc\u00e9ano y cualquiera que haya sentido el poder transformador de una sola respiraci\u00f3n profunda. De esa misma mentalidad surge IPOXIC, una marca de ropa creada por apne\u00edstas, inspirada en los valores que definen a nuestra comunidad: conciencia, sencillez, conexi\u00f3n, resiliencia y respeto por la naturaleza.<\/p><p>Minimalista. T\u00e9cnico. Unisex.<br>Dise\u00f1ado en el desierto del Sina\u00ed y probado por personas que respiran de forma diferente.<\/p>\t\t\t\t\t\t\t\t<\/div>\n\t\t\t\t<\/div>\n\t\t<div class=\"elementor-element elementor-element-dcc428f e-con-full contenedor-full e-flex e-con e-parent\" data-id=\"dcc428f\" data-element_type=\"container\">\n\t\t<a class=\"elementor-element elementor-element-6a19d3e e-con-full e-flex e-con e-child\" data-id=\"6a19d3e\" data-element_type=\"container\" data-settings=\"{&quot;background_background&quot;:&quot;classic&quot;}\" href=\"https:\/\/ipoxic.com\/about-us\/\">\n\t\t\t\t<div class=\"elementor-element elementor-element-02d1813 elementor-widget elementor-widget-spacer\" data-id=\"02d1813\" data-element_type=\"widget\" data-widget_type=\"spacer.default\">\n\t\t\t\t\t\t\t<div class=\"elementor-spacer\">\n\t\t\t<div class=\"elementor-spacer-inner\"><\/div>\n\t\t<\/div>\n\t\t\t\t\t\t<\/div>\n\t\t\t\t<\/a>\n\t\t<div class=\"elementor-element elementor-element-bb6d4bd e-con-full e-flex e-con e-child\" data-id=\"bb6d4bd\" data-element_type=\"container\">\n\t\t\t\t<div class=\"elementor-element elementor-element-d01fe41 elementor-widget elementor-widget-heading\" data-id=\"d01fe41\" data-element_type=\"widget\" data-widget_type=\"heading.default\">\n\t\t\t\t\t<h2 class=\"elementor-heading-title elementor-size-default\">Miguel Loxano<\/h2>\t\t\t\t<\/div>\n\t\t\t\t<div class=\"elementor-element elementor-element-87df666 elementor-widget elementor-widget-heading\" data-id=\"87df666\" data-element_type=\"widget\" data-widget_type=\"heading.default\">\n\t\t\t\t\t<p class=\"elementor-heading-title elementor-size-default\">Co-Founder de Ipoxic<\/p>\t\t\t\t<\/div>\n\t\t\t\t<div class=\"elementor-element elementor-element-eab2290 elementor-widget elementor-widget-text-editor\" data-id=\"eab2290\" data-element_type=\"widget\" data-widget_type=\"text-editor.default\">\n\t\t\t\t\t\t\t\t\t<p>Miguel Lozano es uno de los buceadores libres m\u00e1s reconocidos del mundo. Con m\u00e1s de 15 a\u00f1os de experiencia profesional, ha establecido m\u00faltiples r\u00e9cords nacionales y ha ganado dos medallas de plata en los Campeonatos Mundiales de Inmersi\u00f3n Libre (FIM) y Peso Constante sin Aletas (CNF), alcanzando profundidades de hasta 122 metros.<\/p><p>M\u00e1s all\u00e1 de su carrera deportiva, Miguel es un instructor y educador con amplia experiencia, que dirige centros de entrenamiento en Espa\u00f1a, Egipto e Indonesia, donde entrena a buceadores de todos los niveles. Su profunda conexi\u00f3n con el oc\u00e9ano le ha llevado a colaborar con importantes marcas deportivas, medios de comunicaci\u00f3n y proyectos de concienciaci\u00f3n relacionados con el oc\u00e9ano.<\/p><p>Ahora, emprende una nueva etapa con el lanzamiento de Ipoxic, una marca creada junto con su socio Pascal Berger, con la visi\u00f3n de llegar no solo a la comunidad de buceo libre, sino tambi\u00e9n a un p\u00fablico m\u00e1s amplio alineado con un estilo de vida basado en la profundidad, el movimiento y la conciencia.<\/p>\t\t\t\t\t\t\t\t<\/div>\n\t\t\t\t<\/div>\n\t\t\t\t<\/div>\n\t\t<div class=\"elementor-element elementor-element-8e2d1bd e-con-full contenedor-full e-flex e-con e-parent\" data-id=\"8e2d1bd\" data-element_type=\"container\">\n\t\t<div class=\"elementor-element elementor-element-14c133e e-con-full e-flex e-con e-child\" data-id=\"14c133e\" data-element_type=\"container\">\n\t\t\t\t<div class=\"elementor-element elementor-element-0b89d69 elementor-widget elementor-widget-heading\" data-id=\"0b89d69\" data-element_type=\"widget\" data-widget_type=\"heading.default\">\n\t\t\t\t\t<h2 class=\"elementor-heading-title elementor-size-default\">Pascal Berger<\/h2>\t\t\t\t<\/div>\n\t\t\t\t<div class=\"elementor-element elementor-element-c799fbb elementor-widget elementor-widget-heading\" data-id=\"c799fbb\" data-element_type=\"widget\" data-widget_type=\"heading.default\">\n\t\t\t\t\t<p class=\"elementor-heading-title elementor-size-default\">Co-Founder de Ipoxic<\/p>\t\t\t\t<\/div>\n\t\t\t\t<div class=\"elementor-element elementor-element-76bf457 elementor-widget elementor-widget-text-editor\" data-id=\"76bf457\" data-element_type=\"widget\" data-widget_type=\"text-editor.default\">\n\t\t\t\t\t\t\t\t\t<p>Pascal Berger es dise\u00f1ador industrial y fundador de OCTOPUS Freediving, una de las marcas m\u00e1s respetadas en la industria mundial del buceo libre. Su enfoque innovador en el dise\u00f1o t\u00e9cnico de productos ha convertido a OCTOPUS en un referente en cuanto a funcionalidad, durabilidad y est\u00e9tica minimalista en equipos de alto rendimiento. <\/p><p>Como buceador libre, Pascal ha conseguido varios r\u00e9cords nacionales para Suiza en disciplinas de profundidad, incluyendo una marca personal de -131 metros en peso variable (VWT). Su experiencia tanto en dise\u00f1o como en deporte le permite crear productos que realmente satisfacen las demandas de la comunidad de buceadores libres. <\/p><p>Con Ipoxic, Pascal comienza una nueva aventura creativa junto a su socio Miguel Lozano, con la misi\u00f3n compartida de crear una marca que vaya m\u00e1s all\u00e1 del mundo del buceo libre y conecte con una comunidad m\u00e1s amplia: personas que valoran el dise\u00f1o inteligente, la integridad t\u00e9cnica y una conexi\u00f3n significativa con la naturaleza.<\/p>\t\t\t\t\t\t\t\t<\/div>\n\t\t\t\t<\/div>\n\t\t<a class=\"elementor-element elementor-element-b3addb3 e-con-full e-flex e-con e-child\" data-id=\"b3addb3\" data-element_type=\"container\" data-settings=\"{&quot;background_background&quot;:&quot;classic&quot;}\" href=\"https:\/\/ipoxic.com\/about-us\/\">\n\t\t\t\t<div class=\"elementor-element elementor-element-5085e2d elementor-widget elementor-widget-spacer\" data-id=\"5085e2d\" data-element_type=\"widget\" data-widget_type=\"spacer.default\">\n\t\t\t\t\t\t\t<div class=\"elementor-spacer\">\n\t\t\t<div class=\"elementor-spacer-inner\"><\/div>\n\t\t<\/div>\n\t\t\t\t\t\t<\/div>\n\t\t\t\t<\/a>\n\t\t\t\t<\/div>\n\t\t<div class=\"elementor-element elementor-element-d8f5004 e-flex e-con-boxed e-con e-parent\" data-id=\"d8f5004\" data-element_type=\"container\" data-settings=\"{&quot;background_background&quot;:&quot;classic&quot;}\">\n\t\t\t\t\t<div class=\"e-con-inner\">\n\t\t\t\t<div class=\"elementor-element elementor-element-1f9e65b elementor-widget elementor-widget-spacer\" data-id=\"1f9e65b\" data-element_type=\"widget\" data-widget_type=\"spacer.default\">\n\t\t\t\t\t\t\t<div class=\"elementor-spacer\">\n\t\t\t<div class=\"elementor-spacer-inner\"><\/div>\n\t\t<\/div>\n\t\t\t\t\t\t<\/div>\n\t\t\t\t\t<\/div>\n\t\t\t\t<\/div>\n\t\t<div class=\"elementor-element elementor-element-8f99b66 e-con-full contenedor-full e-flex e-con e-parent\" data-id=\"8f99b66\" data-element_type=\"container\">\n\t\t\t\t<div class=\"elementor-element elementor-element-fc976af elementor-widget__width-initial elementor-widget-mobile__width-inherit elementor-widget elementor-widget-heading\" data-id=\"fc976af\" data-element_type=\"widget\" data-widget_type=\"heading.default\">\n\t\t\t\t\t<h2 class=\"elementor-heading-title elementor-size-default\">Ipoxic destaca por su enfoque t\u00e9cnico, su dise\u00f1o limpio y su firme compromiso con la sostenibilidad.\n<\/h2>\t\t\t\t<\/div>\n\t\t\t\t<div class=\"elementor-element elementor-element-9618028 elementor-widget__width-initial elementor-widget-mobile__width-inherit elementor-widget elementor-widget-text-editor\" data-id=\"9618028\" data-element_type=\"widget\" data-widget_type=\"text-editor.default\">\n\t\t\t\t\t\t\t\t\t<p>\u2014 Una marca que combina rendimiento, est\u00e9tica y funcionalidad para aquellos que viven y respiran el oc\u00e9ano, tanto dentro como fuera del agua. Miguel y Pascal son tambi\u00e9n cofundadores de Dahab Freedivers, una escuela internacional de buceo libre con sede en Dahab (Egipto), donde naci\u00f3 el s\u00edmbolo de Ipoxic a orillas del mar Rojo, inspirado en el entorno natural y la comunidad.<\/p>\t\t\t\t\t\t\t\t<\/div>\n\t\t\t\t<\/div>\n\t\t\t\t<\/div>\n\t\t","protected":false},"excerpt":{"rendered":"<p>IPOXIC naci\u00f3 en Dahab, a orillas del Mar Rojo, donde la apnea no es s\u00f3lo un deporte: es una forma de vida. Entre el silencio del Blue Hole y el viento del desierto, aprendimos que la profundidad no se mide en metros, sino en la capacidad de encontrar la quietud dentro del movimiento. Esta filosof\u00eda [&hellip;]<\/p>\n","protected":false},"author":1,"featured_media":0,"parent":0,"menu_order":0,"comment_status":"closed","ping_status":"closed","template":"","meta":{"_acf_changed":false,"footnotes":""},"class_list":["post-560","page","type-page","status-publish","hentry"],"acf":[],"_links":{"self":[{"href":"https:\/\/ipoxic.com\/es\/wp-json\/wp\/v2\/pages\/560","targetHints":{"allow":["GET"]}}],"collection":[{"href":"https:\/\/ipoxic.com\/es\/wp-json\/wp\/v2\/pages"}],"about":[{"href":"https:\/\/ipoxic.com\/es\/wp-json\/wp\/v2\/types\/page"}],"author":[{"embeddable":true,"href":"https:\/\/ipoxic.com\/es\/wp-json\/wp\/v2\/users\/1"}],"replies":[{"embeddable":true,"href":"https:\/\/ipoxic.com\/es\/wp-json\/wp\/v2\/comments?post=560"}],"version-history":[{"count":5,"href":"https:\/\/ipoxic.com\/es\/wp-json\/wp\/v2\/pages\/560\/revisions"}],"predecessor-version":[{"id":736,"href":"https:\/\/ipoxic.com\/es\/wp-json\/wp\/v2\/pages\/560\/revisions\/736"}],"wp:attachment":[{"href":"https:\/\/ipoxic.com\/es\/wp-json\/wp\/v2\/media?parent=560"}],"curies":[{"name":"wp","href":"https:\/\/api.w.org\/{rel}","templated":true}]}}