{"id":570,"date":"2026-01-22T15:10:16","date_gmt":"2026-01-22T14:10:16","guid":{"rendered":"https:\/\/ipoxic.com\/preguntas-frecuentes\/"},"modified":"2026-01-23T12:23:23","modified_gmt":"2026-01-23T11:23:23","slug":"preguntas-frecuentes","status":"publish","type":"page","link":"https:\/\/ipoxic.com\/es\/preguntas-frecuentes\/","title":{"rendered":"Preguntas frecuentes"},"content":{"rendered":"\t\t<div data-elementor-type=\"wp-page\" data-elementor-id=\"570\" class=\"elementor elementor-570 elementor-512\" data-elementor-post-type=\"page\">\n\t\t\t\t<div class=\"elementor-element elementor-element-e1bdb4c e-con-full e-flex e-con e-parent\" data-id=\"e1bdb4c\" data-element_type=\"container\" data-settings=\"{&quot;background_background&quot;:&quot;classic&quot;}\">\n\t\t\t\t<div class=\"elementor-element elementor-element-af1ce95 elementor-widget elementor-widget-image\" data-id=\"af1ce95\" data-element_type=\"widget\" data-widget_type=\"image.default\">\n\t\t\t\t\t\t\t\t\t\t\t\t\t\t\t<img fetchpriority=\"high\" decoding=\"async\" width=\"596\" height=\"196\" src=\"https:\/\/ipoxic.com\/wp-content\/uploads\/2026\/01\/efeet55.svg\" class=\"attachment-full size-full wp-image-568\" alt=\"\" \/>\t\t\t\t\t\t\t\t\t\t\t\t\t\t\t<\/div>\n\t\t\t\t<\/div>\n\t\t<div class=\"elementor-element elementor-element-f1328e4 e-con-full contenedor-full e-flex e-con e-parent\" data-id=\"f1328e4\" data-element_type=\"container\">\n\t\t\t\t<div class=\"elementor-element elementor-element-ad8c76a elementor-widget elementor-widget-heading\" data-id=\"ad8c76a\" data-element_type=\"widget\" data-widget_type=\"heading.default\">\n\t\t\t\t\t<h1 class=\"elementor-heading-title elementor-size-default\">Preguntas frecuentes \u2013 Ipoxic<\/h1>\t\t\t\t<\/div>\n\t\t\t\t<div class=\"elementor-element elementor-element-bad0b7e elementor-widget__width-initial elementor-widget-mobile__width-inherit elementor-widget elementor-widget-text-editor\" data-id=\"bad0b7e\" data-element_type=\"widget\" data-widget_type=\"text-editor.default\">\n\t\t\t\t\t\t\t\t\t<p><strong>Bienvenido a nuestro peque\u00f1o rinc\u00f3n de respuestas.<\/strong><\/p><p>Sabemos que las compras online pueden generar dudas, por lo que aqu\u00ed te ofrecemos todo lo que necesitas para que todo vaya sobre ruedas. \u00bfNo encuentras lo que buscas?<\/p><p>Env\u00edenos un mensaje a hello@ipoxic.com o un mensaje directo a nuestro Instagram @ipoxic. Estamos aqu\u00ed para ayudarte.<\/p>\t\t\t\t\t\t\t\t<\/div>\n\t\t\t\t<\/div>\n\t\t\t\t<\/div>\n\t\t","protected":false},"excerpt":{"rendered":"<p>Preguntas frecuentes \u2013 Ipoxic Bienvenido a nuestro peque\u00f1o rinc\u00f3n de respuestas. Sabemos que las compras online pueden generar dudas, por lo que aqu\u00ed te ofrecemos todo lo que necesitas para que todo vaya sobre ruedas. \u00bfNo encuentras lo que buscas? Env\u00edenos un mensaje a hello@ipoxic.com o un mensaje directo a nuestro Instagram @ipoxic. Estamos aqu\u00ed [&hellip;]<\/p>\n","protected":false},"author":1,"featured_media":0,"parent":0,"menu_order":0,"comment_status":"closed","ping_status":"closed","template":"","meta":{"_acf_changed":false,"footnotes":""},"class_list":["post-570","page","type-page","status-publish","hentry"],"acf":[],"_links":{"self":[{"href":"https:\/\/ipoxic.com\/es\/wp-json\/wp\/v2\/pages\/570","targetHints":{"allow":["GET"]}}],"collection":[{"href":"https:\/\/ipoxic.com\/es\/wp-json\/wp\/v2\/pages"}],"about":[{"href":"https:\/\/ipoxic.com\/es\/wp-json\/wp\/v2\/types\/page"}],"author":[{"embeddable":true,"href":"https:\/\/ipoxic.com\/es\/wp-json\/wp\/v2\/users\/1"}],"replies":[{"embeddable":true,"href":"https:\/\/ipoxic.com\/es\/wp-json\/wp\/v2\/comments?post=570"}],"version-history":[{"count":1,"href":"https:\/\/ipoxic.com\/es\/wp-json\/wp\/v2\/pages\/570\/revisions"}],"predecessor-version":[{"id":571,"href":"https:\/\/ipoxic.com\/es\/wp-json\/wp\/v2\/pages\/570\/revisions\/571"}],"wp:attachment":[{"href":"https:\/\/ipoxic.com\/es\/wp-json\/wp\/v2\/media?parent=570"}],"curies":[{"name":"wp","href":"https:\/\/api.w.org\/{rel}","templated":true}]}}