{"id":577,"date":"2026-01-21T14:50:51","date_gmt":"2026-01-21T13:50:51","guid":{"rendered":"https:\/\/ipoxic.com\/?page_id=577"},"modified":"2026-01-23T16:07:07","modified_gmt":"2026-01-23T15:07:07","slug":"politica-de-privacidad","status":"publish","type":"page","link":"https:\/\/ipoxic.com\/es\/politica-de-privacidad\/","title":{"rendered":"Pol\u00edtica de privacidad"},"content":{"rendered":"\n<p>En IPOXIC, todo lo que hacemos es por ti. Todo cambia en esta vida, incluso las pol\u00edticas de privacidad, \u00a1pero no te preocupes! Seguimos tom\u00e1ndonos muy en serio la privacidad y la seguridad de todos nuestros usuarios. Personas como t\u00fa que no quieren que sus datos se vean comprometidos. Por eso, en IPOXIC, nos comprometemos al 100 % a proteger tu informaci\u00f3n, asegur\u00e1ndonos de que sepas c\u00f3mo la gestionamos y a informarte sobre tus derechos.<\/p>\n\n\n\n<p>Al utilizar este sitio web ipoxic.com (el \u201cSitio Web\u201d) o cualquiera de sus servicios y formularios, IPOXIC recopila los datos personales de cada usuario (el \u201cUsuario\u201d o, indistintamente, los \u201cUsuarios\u201d) de acuerdo con esta pol\u00edtica de privacidad (\u201cPol\u00edtica de Privacidad\u201d) y cualquier otra que pueda reemplazarla en el futuro.<\/p>\n\n\n\n<p>Cualquier Usuario que no est\u00e9 de acuerdo con la Pol\u00edtica de Privacidad deber\u00e1 abstenerse de acceder, completar formularios o de cualquier otra forma utilizar el Sitio Web.<\/p>\n\n\n\n<p><strong>1. Responsable del tratamiento de sus datos<\/strong><\/p>\n\n\n\n<p>1.1. La entidad responsable de la recopilaci\u00f3n y el tratamiento de sus datos personales en la Web es IPOXIC PROJECT SL, bajo el nombre comercial de IPOXIC, con domicilio social en C\/ Antoni Clap\u00e9s, 24 &#8211; 08391 Tiana (Barcelona), y con NIF B22616593 (en adelante, IPOXIC).<\/p>\n\n\n\n<p><strong>2. \u00bfQu\u00e9 informaci\u00f3n recopilamos y procesamos sobre usted?<\/strong><\/p>\n\n\n\n<p>2.1. IPOXIC recopila y procesa diversos tipos de informaci\u00f3n del Usuario. Esta informaci\u00f3n puede, en muchos casos, constituir datos personales del Usuario. Esta informaci\u00f3n se considerar\u00e1 \u00abdatos personales\u00bb cuando pueda identificar directamente, o nos permita identificar, a una persona f\u00edsica.<\/p>\n\n\n\n<p>2.2. Estos datos personales pueden haber sido proporcionados directamente por el Usuario al interactuar con el Sitio Web o al completar uno de los formularios disponibles, o pueden haberse inferido de nuestra relaci\u00f3n con usted. En concreto:<\/p>\n\n\n\n<figure class=\"wp-block-table\"><table class=\"has-fixed-layout\"><tbody><tr><td>Informaci\u00f3n que usted nos proporciona<\/td><td>Usted comparte datos personales con nosotros cuando: Rellena formularios en nuestro sitio web, incluyendo cuando compra productos en l\u00ednea, nos hace una pregunta, crea una cuenta y\/o se registra para recibir material promocional y boletines informativos. Responde a encuestas o participa en concursos o sorteos. En cualquier comunicaci\u00f3n con nosotros, ya sea por tel\u00e9fono, correo electr\u00f3nico, correo postal o cuando inicia sesi\u00f3n en su cuenta, realiza una compra o env\u00eda una consulta o sugerencia. Se pone en contacto con nosotros con respecto a nuestros productos o servicios, presenta una queja o cualquier otra consulta. En particular, cuando nos llama, sus llamadas pueden ser grabadas de vez en cuando con fines de formaci\u00f3n y seguimiento. No est\u00e1 obligado a proporcionarnos sus datos personales. Sin embargo, si no lo hace, no podremos procesar su pedido ni prestarle otros servicios, como responder a sus consultas.<\/td><\/tr><tr><td>Informaci\u00f3n que podemos recopilar sobre usted<\/td><td>Recopilamos datos sobre usted cuando: visita nuestro sitio web, incluyendo detalles sobre sus visitas, como la direcci\u00f3n IP que utiliza para conectar su ordenador a internet, direcciones MAC, tr\u00e1fico de datos, datos de ubicaci\u00f3n, su informaci\u00f3n de inicio de sesi\u00f3n, configuraci\u00f3n de zona horaria, tipo y versi\u00f3n del navegador, sistema operativo y plataforma, blogs, cookies y otras comunicaciones de datos, y los recursos a los que accede. Para m\u00e1s informaci\u00f3n, visite nuestra Pol\u00edtica de Cookies. Conecte sus cuentas de redes sociales con nosotros para que pueda registrarse en nuestros sitios web de forma f\u00e1cil y segura sin tener que crear una cuenta nueva. Si as\u00ed lo exige la normativa aplicable, IPOXIC obtendr\u00e1 los consentimientos necesarios o tratar\u00e1 esta informaci\u00f3n con la base legal adecuada.<\/td><\/tr><tr><td>Informaci\u00f3n que recibimos de otras cuentas<\/td><td>Recibimos datos personales sobre usted de terceros. Esto incluye datos obtenidos mediante fusiones o adquisiciones de otras empresas, as\u00ed como datos obtenidos de empresas de an\u00e1lisis de consumo minorista, empresas de conocimiento del cliente, agencias de referencia crediticia y fuentes p\u00fablicas que nos ayudan a comprender la demograf\u00eda y el comportamiento de compra de los clientes.<\/td><\/tr><\/tbody><\/table><\/figure>\n\n\n\n<p>2.3. Los datos personales que IPOXIC podr\u00e1 tratar son los siguientes:<\/p>\n\n\n\n<p>a) Datos de clientes, recopilados por IPOXIC a trav\u00e9s de este sitio web:<\/p>\n\n\n\n<ul class=\"wp-block-list\">\n<li>Datos de contacto: nombre y apellidos, tel\u00e9fono, direcci\u00f3n de correo electr\u00f3nico, DNI o n\u00famero de identificaci\u00f3n fiscal y direcci\u00f3n de facturaci\u00f3n.<\/li>\n\n\n\n<li>Datos contractuales y bancarios: n\u00famero de tarjeta de d\u00e9bito o cr\u00e9dito, hist\u00f3rico de compras, contratos y condiciones generales de contrataci\u00f3n y comunicaciones mantenidas, consultas y encuestas.<\/li>\n<\/ul>\n\n\n\n<p>b) Clientes potenciales, recogidos en los formularios Web, bajo el consentimiento previo y expreso del potencial cliente para el tratamiento de que se trate, de entre los descritos en esta Pol\u00edtica de Privacidad.<\/p>\n\n\n\n<ul class=\"wp-block-list\">\n<li>Datos de contacto: nombre y apellidos, n\u00famero de tel\u00e9fono y direcci\u00f3n de correo electr\u00f3nico.<\/li>\n<\/ul>\n\n\n\n<p>2.4. IPOXIC tambi\u00e9n ha habilitado diversos formularios en la Web, a trav\u00e9s de los cuales recopila la siguiente informaci\u00f3n:<\/p>\n\n\n\n<ul class=\"wp-block-list\">\n<li>Formulario de solicitud de presupuesto<\/li>\n\n\n\n<li>Formulario de contacto<\/li>\n<\/ul>\n\n\n\n<p>2.5. Los usuarios garantizan que los datos personales proporcionados son veraces y exactos, y se comprometen a notificar a IPOXIC cualquier cambio o modificaci\u00f3n. Ser\u00e1n responsables de cualquier p\u00e9rdida o da\u00f1o causado al Sitio Web, a IPOXIC o a terceros por la comunicaci\u00f3n de informaci\u00f3n err\u00f3nea, inexacta o incompleta.<\/p>\n\n\n\n<p>2.6. Si no se proporcionan los datos considerados necesarios, podr\u00eda no ser posible proceder con el registro, la inscripci\u00f3n, la solicitud de informaci\u00f3n, etc., que el usuario desea realizar.<\/p>\n\n\n\n<p>2.7. Tenga en cuenta que en ning\u00fan caso es necesario que los Usuarios incluyan informaci\u00f3n o datos sensibles, como origen \u00e9tnico o racial, opiniones pol\u00edticas, creencias religiosas o filos\u00f3ficas, afiliaci\u00f3n sindical, datos relativos a la salud, vida sexual, orientaci\u00f3n sexual o antecedentes penales.<\/p>\n\n\n\n<p><strong>3. \u00bfCon qu\u00e9 finalidad y bajo qu\u00e9 base legal tratamos sus datos personales?<\/strong><\/p>\n\n\n\n<p>3.1. IPOXIC utiliza sus datos personales, proporcionados o recopilados de acuerdo con esta Pol\u00edtica de Privacidad, para proporcionar, desarrollar y, en \u00faltima instancia, mejorar la prestaci\u00f3n de los servicios ofrecidos en el Sitio Web.<\/p>\n\n\n\n<p>3.2. Indicamos las finalidades espec\u00edficas para las que tratamos sus datos personales, as\u00ed como la base legal que legitima su uso en cada caso:<\/p>\n\n\n\n<p>A) GESTI\u00d3N DE LA CONTRATACI\u00d3N DE SERVICIOS SOLICITADOS POR LOS USUARIOS<\/p>\n\n\n\n<p>Base legal: ejecuci\u00f3n de medidas precontractuales y del contrato posterior e inter\u00e9s leg\u00edtimo de IPOXIC.<\/p>\n\n\n\n<p>En el marco de esta finalidad del tratamiento, IPOXIC podr\u00e1:<\/p>\n\n\n\n<ul class=\"wp-block-list\">\n<li>Env\u00ede recordatorios electr\u00f3nicamente si inici\u00f3 el proceso de contrataci\u00f3n pero no lo complet\u00f3.<\/li>\n\n\n\n<li>Gestionar la contrataci\u00f3n, facturaci\u00f3n y prestaci\u00f3n de los servicios contratados.<\/li>\n\n\n\n<li>Para brindarle acceso a la lista de servicios que nos ha adquirido, a los recibos de compra y al estado de su pedido.<\/li>\n\n\n\n<li>Analizar posibles fraudes y robos de identidad.<\/li>\n\n\n\n<li>Para responder a sus preguntas y solicitudes.<\/li>\n\n\n\n<li>Para comunicarnos con usted respecto a los productos o servicios que ha adquirido.<\/li>\n\n\n\n<li>Ejercer nuestro derecho a citarnos y defendernos en el marco de las acciones legales que nos asistan.<\/li>\n<\/ul>\n\n\n\n<p>B) ATENCI\u00d3N DE CONSULTAS Y SOLICITUDES REALIZADAS POR LOS USUARIOS EN LA WEB.<\/p>\n\n\n\n<p>Base legal: ejecuci\u00f3n de medidas precontractuales o contractuales, su consentimiento al dirigir consultas a IPOXIC.<\/p>\n\n\n\n<p>En el marco de esta finalidad de tratamiento, IPOXIC podr\u00e1 atender, gestionar y resolver sus solicitudes y consultas recibidas a trav\u00e9s de los diferentes canales de contacto (por ejemplo, a trav\u00e9s de formularios web y llamadas a los centros de atenci\u00f3n al cliente).<\/p>\n\n\n\n<p>C) CUMPLIMIENTO DE OBLIGACIONES LEGALES Y REQUISITOS DE DISTINTOS ORGANISMOS.<\/p>\n\n\n\n<p>Base legal: cumplimiento de obligaciones legales aplicables a IPOXIC.<\/p>\n\n\n\n<p>En el marco de esta finalidad de tratamiento, IPOXIC podr\u00e1 cumplir con cualquier obligaci\u00f3n legal aplicable y responder a solicitudes de cualquier organismo, tribunal o administraci\u00f3n p\u00fablica. Tambi\u00e9n podremos prevenir, detectar y evitar posibles fraudes y delitos.<\/p>\n\n\n\n<p>E) GESTI\u00d3N WEB Y AN\u00c1LISIS DE SU USO<\/p>\n\n\n\n<p>Base legal: inter\u00e9s leg\u00edtimo en analizar el uso del sitio web para mejorar los servicios prestados a los usuarios y ofrecerles mayor seguridad. En caso de uso de cookies y tecnolog\u00edas similares, se requiere el consentimiento del usuario, seg\u00fan lo descrito en la Pol\u00edtica de Cookies de IPOXIC.<\/p>\n\n\n\n<p>En el marco de esta finalidad del tratamiento, IPOXIC podr\u00e1:<\/p>\n\n\n\n<ul class=\"wp-block-list\">\n<li>Entendiendo c\u00f3mo navegas.<\/li>\n\n\n\n<li>Desarrollar y mejorar nuestros productos y servicios.<\/li>\n\n\n\n<li>Desarrollar y mejorar el sitio web, configurando opciones predeterminadas como el idioma y la moneda. Adem\u00e1s, asegurar que el contenido se muestre de la forma m\u00e1s eficiente posible.<\/li>\n\n\n\n<li>Analizar las preferencias de los clientes.<\/li>\n\n\n\n<li>Realizar encuestas y concursos.<\/li>\n\n\n\n<li>Recopilamos sus datos personales para que est\u00e9 informado sobre posibles cambios en nuestros servicios.<\/li>\n\n\n\n<li>Recopilar informaci\u00f3n para administrar las cuentas de usuario de forma m\u00e1s eficiente y mejorar la experiencia web.<\/li>\n<\/ul>\n\n\n\n<p>F) ENV\u00cdO DE COMUNICACIONES COMERCIALES<\/p>\n\n\n\n<p>Base legal: inter\u00e9s leg\u00edtimo en remitirle comunicaciones comerciales de ofertas y descuentos de servicios relacionados con servicios similares a los que tiene contratados con IPOXIC, en el caso de clientes, o consentimiento, en el caso de potenciales clientes, de aquellos Usuarios que hayan dejado de ser clientes.<\/p>\n\n\n\n<p>Para realizar las citadas comunicaciones comerciales por v\u00eda electr\u00f3nica, IPOXIC podr\u00e1 utilizar sus datos personales y los recogidos durante el proceso de contrataci\u00f3n de productos y servicios para personalizar la informaci\u00f3n comercial y remitirle comunicaciones que puedan ser de su inter\u00e9s y que se ajusten a sus necesidades y preferencias de consumo.<\/p>\n\n\n\n<p>De acuerdo con la normativa aplicable, IPOXIC tambi\u00e9n consultar\u00e1 las listas de exclusi\u00f3n publicitaria.<\/p>\n\n\n\n<p><strong>4. \u00bfCon qui\u00e9n compartimos tu informaci\u00f3n?<\/strong><\/p>\n\n\n\n<p>4.1. Como se indica a continuaci\u00f3n, sus datos personales solo ser\u00e1n accesibles a terceros en los siguientes casos y para las finalidades indicadas en nuestra Pol\u00edtica de Privacidad:<\/p>\n\n\n\n<p>a) Proveedores de servicios: Su informaci\u00f3n podr\u00e1 ser accesible a un n\u00famero limitado de terceros para proporcionarle nuestros productos y servicios y gestionar el correcto mantenimiento del sitio web. Los datos se comparten con:<\/p>\n\n\n\n<ul class=\"wp-block-list\">\n<li>Registradores de dominios, empresas de hosting web y certificados SSL, para registrar tu servicio, en caso de que hayas contratado el servicio con IPOXIC.<\/li>\n\n\n\n<li>Nuestros proveedores de confianza, como agencias de marketing, socios publicitarios y alojamiento web o mantenimiento de TI.<\/li>\n\n\n\n<li>Aquellas empresas que comercializan herramientas necesarias para la construcci\u00f3n, desarrollo y dise\u00f1o de un sitio web.<\/li>\n\n\n\n<li>Proveedores de servicios de atenci\u00f3n al cliente, cobranzas o ventas.<\/li>\n\n\n\n<li>Empresas de consultor\u00eda, auditor\u00eda y asesor\u00eda.<\/li>\n<\/ul>\n\n\n\n<p>Solo compartiremos tu informaci\u00f3n con terceros cuando sea imprescindible para que puedan realizar los servicios que les solicitamos o cuando hayas dado tu consentimiento para que se realice cada comunicaci\u00f3n de datos.<\/p>\n\n\n\n<p>IPOXIC garantiza que, en tales casos, estos terceros proveedores de servicios tendr\u00e1n acceso limitado a sus Datos Personales en la medida necesaria para realizar las tareas encomendadas a ellos, firmar\u00e1n un acuerdo de procesamiento de datos y estar\u00e1n obligados a no divulgar la informaci\u00f3n ni utilizarla para fines distintos a la prestaci\u00f3n del servicio correspondiente.<\/p>\n\n\n\n<p>b) Divulgaciones exigidas por ley. Podremos divulgar datos personales a terceros para cumplir con nuestras obligaciones legales o reglamentarias, as\u00ed como si fuera necesario para otros procedimientos legales. En particular, podremos divulgar datos personales e informaci\u00f3n proporcionada por los Usuarios cuando as\u00ed lo exija la ley, en procedimientos legales, para investigar actividades sospechosas o para proteger nuestros propios derechos y los de los Usuarios.<\/p>\n\n\n\n<p>En tales casos, IPOXIC se compromete a notificar a los Usuarios que sus datos han sido legalmente solicitados, en la medida de lo posible y en los casos en que dicha comunicaci\u00f3n no sea incompatible con la finalidad para la cual los datos fueron inicialmente revelados.<\/p>\n\n\n\n<p><strong>5. \u00bfCu\u00e1les son las decisiones autom\u00e1ticas que tomamos por usted?<\/strong><\/p>\n\n\n\n<p>5.1. IPOXIC realiza una evaluaci\u00f3n de su perfil para mejorar nuestros servicios y personalizar sus mensajes de marketing. El objetivo de estas decisiones automatizadas es brindarle una experiencia excepcional.<\/p>\n\n\n\n<p><strong>6. Transferencia de sus datos personales fuera del Espacio Econ\u00f3mico Europeo<\/strong><\/p>\n\n\n\n<p>6.1. IPOXIC recopila, almacena y procesa los datos personales de los Usuarios en diferentes servidores dentro del Espacio Econ\u00f3mico Europeo.<\/p>\n\n\n\n<p>6.2. Sin embargo, su informaci\u00f3n podr\u00eda transferirse fuera del Espacio Econ\u00f3mico Europeo a territorios que podr\u00edan no garantizar el mismo nivel de protecci\u00f3n de datos. En tales casos, IPOXIC solo realizar\u00e1 estas transferencias internacionales de datos a terceros pa\u00edses para los que la Comisi\u00f3n Europea haya emitido una decisi\u00f3n de adecuaci\u00f3n o, en su defecto, cuando IPOXIC y el receptor de los datos hayan implementado las salvaguardias y proporcionado las garant\u00edas adecuadas antes de realizar la transferencia (por ejemplo, mediante la firma de cl\u00e1usulas contractuales tipo).<\/p>\n\n\n\n<p><strong>7. Conservaci\u00f3n de sus datos personales<\/strong><\/p>\n\n\n\n<p>7.1. Conservamos sus datos personales durante el tiempo necesario para cumplir con la finalidad para la que fueron recopilados, seg\u00fan lo establecido en esta Pol\u00edtica de Privacidad, a menos que el periodo de conservaci\u00f3n sea mayor por motivos legales.<\/p>\n\n\n\n<p>7.2. Posteriormente, sus datos se conservar\u00e1n durante los plazos legalmente aplicables en cada caso, teniendo en cuenta el tipo de datos y la finalidad del tratamiento. Asimismo, una vez cumplidas las finalidades, IPOXIC mantendr\u00e1 sus datos personales debidamente bloqueados, en la medida en que IPOXIC pueda ser considerada responsable o seg\u00fan lo exija la ley.<\/p>\n\n\n\n<p>7.3. IPOXIC cuenta con un protocolo de periodo de almacenamiento, seg\u00fan el cual:<\/p>\n\n\n\n<p>d) Normalmente conservamos sus datos personales durante 6 a\u00f1os desde su compra para resolver cualquier problema con los servicios que ha recibido, as\u00ed como para utilizarlos en los procedimientos legales pertinentes.<\/p>\n\n\n\n<p>e) En algunos casos, la informaci\u00f3n se eliminar\u00e1 en un plazo de tiempo menor, como por ejemplo: (i) las cookies tienen la duraci\u00f3n especificada en nuestra Pol\u00edtica de Cookies; (ii) en la medida necesaria para proporcionar a los Usuarios la informaci\u00f3n solicitada y responder a las consultas, los datos se conservan hasta obtener una respuesta y una vez respondida la consulta, los datos se bloquear\u00e1n y se conservar\u00e1n \u00fanicamente para el cumplimiento de las obligaciones legales.<\/p>\n\n\n\n<p>f) Hay ocasiones en las que, aunque sus datos no sean necesarios para prestarle un mejor servicio, los conservaremos para cumplir con condiciones legales o reglamentarias, resolver disputas, prevenir fraudes o abusos, o cumplir con nuestros t\u00e9rminos y condiciones.<\/p>\n\n\n\n<p><strong>8. Seguridad de sus datos personales<\/strong><\/p>\n\n\n\n<p>8.1. La transmisi\u00f3n de informaci\u00f3n por internet no es ni puede ser completamente segura. Si bien en IPOXIC hacemos todo lo posible para proteger sus datos personales, no podemos garantizar con absoluta certeza la seguridad completa de la informaci\u00f3n transmitida a trav\u00e9s de nuestras p\u00e1ginas web. El usuario asume el riesgo de dichas transmisiones.<\/p>\n\n\n\n<p>8.2. En este sentido, en IPOXIC hemos adoptado las medidas de seguridad, as\u00ed como las medidas t\u00e9cnicas y organizativas necesarias, para garantizar la confidencialidad, integridad y seguridad de los datos personales, y para evitar su p\u00e9rdida, alteraci\u00f3n, tratamiento o acceso no autorizado, teniendo en cuenta el estado de la tecnolog\u00eda y la naturaleza de los datos almacenados. Adem\u00e1s, IPOXIC monitoriza peri\u00f3dicamente sus sistemas para detectar posibles vulnerabilidades y ataques, y as\u00ed prevenir cualquier acceso no autorizado.<\/p>\n\n\n\n<p><strong>9. \u00bfQu\u00e9 derechos tienes?<\/strong><\/p>\n\n\n\n<p>9.1. La normativa de protecci\u00f3n de datos establece los derechos que puede ejercer en relaci\u00f3n con el tratamiento de sus datos personales, como se detalla a continuaci\u00f3n. Puede ejercer cualquiera de estos derechos, indicando claramente el derecho que ejerce, enviando un correo electr\u00f3nico a info@ipoxic.com.<\/p>\n\n\n\n<p>9.2. Los derechos que puede ejercer, en los t\u00e9rminos previstos por la legislaci\u00f3n vigente, son los siguientes:<\/p>\n\n\n\n<figure class=\"wp-block-table\"><table class=\"has-fixed-layout\"><tbody><tr><td>Acceso<\/td><td>Tiene derecho a solicitar confirmaci\u00f3n de que sus datos personales est\u00e1n siendo procesados, acceder a ellos (le enviaremos una copia) y otra informaci\u00f3n sobre c\u00f3mo procesamos sus datos.<\/td><\/tr><tr><td>Rectificaci\u00f3n<\/td><td>Usted tiene derecho a solicitar un cambio en sus datos personales si no son totalmente correctos o est\u00e1n incompletos.<\/td><\/tr><tr><td>Supresi\u00f3n<\/td><td>Tiene derecho a solicitar la eliminaci\u00f3n de sus datos personales si: (i) ya no son necesarios para los fines para los que fueron recopilados o procesados \u200b\u200bde otra manera, (ii) retira su consentimiento, o (iii) cree que han sido procesados \u200b\u200bilegalmente o (iv) de otra manera es legalmente requerido.<\/td><\/tr><tr><td>Limitaci\u00f3n del tratamiento<\/td><td>Tienes derecho a solicitar que se limite o bloquee el tratamiento de tus datos personales mientras impugnas la exactitud de tus datos personales, cuando consideres que el tratamiento es il\u00edcito, cuando tus datos personales ya no sean necesarios para los fines para los que fueron recogidos, pero sean necesarios para la formulaci\u00f3n, el ejercicio o la defensa de reclamaciones, o en caso de oposici\u00f3n mientras verificamos la procedencia de tu derecho.<\/td><\/tr><tr><td>Oposici\u00f3n al tratamiento<\/td><td>Tiene derecho a oponerse al tratamiento de sus datos personales por motivos relacionados con su situaci\u00f3n particular, cuando el tratamiento de sus datos personales se base en un inter\u00e9s leg\u00edtimo o con fines de marketing y env\u00edo de informaci\u00f3n comercial, incluida la elaboraci\u00f3n de perfiles. En tales casos, IPOXIC estar\u00e1 obligada a dejar de tratar sus datos personales, salvo que existan motivos leg\u00edtimos imperiosos o que sus datos personales sean necesarios para el establecimiento, ejercicio o defensa de reclamaciones legales.<\/td><\/tr><tr><td>Portabilidad<\/td><td>Podr\u00e1s solicitar recibir tus datos personales en un formato estructurado, de uso com\u00fan y lectura mec\u00e1nica, y su transmisi\u00f3n a otro responsable del tratamiento, cuando el tratamiento de tus datos personales est\u00e9 basado en el consentimiento o en la ejecuci\u00f3n de un contrato y el tratamiento se efect\u00fae por medios automatizados.<\/td><\/tr><tr><td>Retirar el consentimiento<\/td><td>Tiene derecho a retirar su consentimiento en cualquier momento cuando utilicemos sus datos personales para el tratamiento con base en esta base legal, por ejemplo, cuando necesitemos su consentimiento para enviarle informaci\u00f3n de marketing (como se describe en esta Pol\u00edtica de Privacidad). Retirar su consentimiento no afectar\u00e1 la legalidad del tratamiento basado en el consentimiento previo a su retirada.<\/td><\/tr><\/tbody><\/table><\/figure>\n\n\n\n<p><strong>10. \u00bfQu\u00e9 pasa si tengo una queja?<\/strong><\/p>\n\n\n\n<p>10.1. Si tiene alguna inquietud sobre el procesamiento de sus datos personales, no est\u00e1 satisfecho con la gesti\u00f3n de sus consultas o desea presentar una queja, comun\u00edquese con nuestro departamento de atenci\u00f3n al cliente utilizando los datos que aparecen al inicio de esta Pol\u00edtica de Privacidad para que podamos hacer todo lo posible por resolver su problema.<\/p>\n\n\n\n<p>10.2. Tambi\u00e9n puede presentar una reclamaci\u00f3n en cualquier momento ante la autoridad de control competente, que en el caso de Espa\u00f1a es la Agencia Espa\u00f1ola de Protecci\u00f3n de Datos.<\/p>\n\n\n\n<p><strong>11. Cambios en esta pol\u00edtica de privacidad<\/strong><\/p>\n\n\n\n<p>11.1. IPOXIC se reserva el derecho de modificar esta Pol\u00edtica de Privacidad como consecuencia de nuevos tratamientos de datos personales o de la modificaci\u00f3n de tratamientos existentes, as\u00ed como de conformidad con nuevos requisitos legislativos o reglamentarios, por razones de seguridad o para adaptar esta pol\u00edtica a las instrucciones de las autoridades de control en materia de protecci\u00f3n de datos o a nuevos procesos.<\/p>\n\n\n\n<p>11.2. Tomamos las medidas necesarias para informarle sobre cualquier cambio en esta Pol\u00edtica de Privacidad y publicaremos cualquier actualizaci\u00f3n en el Sitio Web. Siempre que se realicen cambios significativos en esta Pol\u00edtica de Privacidad, notificaremos debidamente a los Usuarios a trav\u00e9s del Sitio Web para que todos tengan la oportunidad de revisar los cambios y, si es necesario, aceptarlos antes de que entren en vigor.<\/p>\n\n\n\n<p><strong>12. Contacto<\/strong><\/p>\n\n\n\n<p>12.1. Para cualquier pregunta o consulta sobre esta Pol\u00edtica de Privacidad, no dude en contactarnos a trav\u00e9s de los formularios de la web o a trav\u00e9s de la siguiente direcci\u00f3n de correo electr\u00f3nico: info@ipoxic.com.<\/p>\n","protected":false},"excerpt":{"rendered":"<p>En IPOXIC, todo lo que hacemos es por ti. Todo cambia en esta vida, incluso las pol\u00edticas de privacidad, \u00a1pero no te preocupes! Seguimos tom\u00e1ndonos muy en serio la privacidad y la seguridad de todos nuestros usuarios. Personas como t\u00fa que no quieren que sus datos se vean comprometidos. Por eso, en IPOXIC, nos comprometemos [&hellip;]<\/p>\n","protected":false},"author":1,"featured_media":0,"parent":0,"menu_order":0,"comment_status":"closed","ping_status":"closed","template":"","meta":{"_acf_changed":false,"footnotes":""},"class_list":["post-577","page","type-page","status-publish","hentry"],"acf":[],"_links":{"self":[{"href":"https:\/\/ipoxic.com\/es\/wp-json\/wp\/v2\/pages\/577","targetHints":{"allow":["GET"]}}],"collection":[{"href":"https:\/\/ipoxic.com\/es\/wp-json\/wp\/v2\/pages"}],"about":[{"href":"https:\/\/ipoxic.com\/es\/wp-json\/wp\/v2\/types\/page"}],"author":[{"embeddable":true,"href":"https:\/\/ipoxic.com\/es\/wp-json\/wp\/v2\/users\/1"}],"replies":[{"embeddable":true,"href":"https:\/\/ipoxic.com\/es\/wp-json\/wp\/v2\/comments?post=577"}],"version-history":[{"count":1,"href":"https:\/\/ipoxic.com\/es\/wp-json\/wp\/v2\/pages\/577\/revisions"}],"predecessor-version":[{"id":578,"href":"https:\/\/ipoxic.com\/es\/wp-json\/wp\/v2\/pages\/577\/revisions\/578"}],"wp:attachment":[{"href":"https:\/\/ipoxic.com\/es\/wp-json\/wp\/v2\/media?parent=577"}],"curies":[{"name":"wp","href":"https:\/\/api.w.org\/{rel}","templated":true}]}}