{"id":581,"date":"2026-01-21T14:51:19","date_gmt":"2026-01-21T13:51:19","guid":{"rendered":"https:\/\/ipoxic.com\/?page_id=581"},"modified":"2026-01-23T16:09:22","modified_gmt":"2026-01-23T15:09:22","slug":"cookies","status":"publish","type":"page","link":"https:\/\/ipoxic.com\/es\/cookies\/","title":{"rendered":"Cookies"},"content":{"rendered":"\n<p>Las cookies son peque\u00f1os archivos de datos que se env\u00edan y almacenan en el dispositivo que utiliza para acceder a nuestro sitio web (tel\u00e9fono m\u00f3vil, ordenador, tableta o Smart TV), lo que facilita su uso. Este sitio web utiliza cookies para ofrecerle un mejor servicio. IPOXIC PROJECT SL utiliza cookies propias y de terceros que nos ayudan a mejorar la calidad, permiti\u00e9ndonos comparar, recordar, monitorizar y comprender c\u00f3mo nuestros usuarios navegan por el sitio web, identificando qu\u00e9 les resulta \u00fatil y qu\u00e9 no, y mejorando as\u00ed la experiencia de navegaci\u00f3n.<\/p>\n\n\n\n<p>Las cookies que utiliza este sitio web no da\u00f1an su ordenador. Se utilizan \u00fanicamente para mejorar los servicios ofrecidos. Algunas son estrictamente necesarias para el correcto funcionamiento del sitio web (cookies t\u00e9cnicas y de personalizaci\u00f3n), mientras que otras mejoran el rendimiento y la experiencia del usuario (cookies de an\u00e1lisis, publicitarias y de publicidad comportamental). Puede permitir, bloquear o eliminar las cookies instaladas en su ordenador configurando los ajustes de su navegador. Deshabilitar las cookies puede provocar que algunos servicios dejen de funcionar. El m\u00e9todo para deshabilitar las cookies var\u00eda seg\u00fan el navegador, pero normalmente se puede hacer a trav\u00e9s del men\u00fa de herramientas u opciones. Tambi\u00e9n puede consultar el men\u00fa de ayuda de su navegador para obtener instrucciones. Este sitio web utiliza cookies de sesi\u00f3n (cookies temporales) y cookies persistentes. Las cookies de sesi\u00f3n almacenan datos mientras navega por el sitio web y caducan al cerrar el navegador. Las cookies persistentes almacenan datos en su dispositivo para que se pueda acceder a ellos y utilizarlos en varias sesiones y suelen caducar tras un periodo de tiempo que puede oscilar entre dos meses y un a\u00f1o. Seg\u00fan la finalidad del tratamiento de los datos obtenidos a trav\u00e9s de las cookies, el sitio web puede utilizar:<\/p>\n\n\n\n<ol class=\"wp-block-list\">\n<li><strong>Cookies t\u00e9cnicas<\/strong>Son aquellas que permiten al usuario la navegaci\u00f3n a trav\u00e9s de una p\u00e1gina web, plataforma o aplicaci\u00f3n y la utilizaci\u00f3n de las diferentes opciones o servicios que en ella existan como, por ejemplo, controlar el tr\u00e1fico y la comunicaci\u00f3n de datos, identificar la sesi\u00f3n, acceder a partes de acceso restringido.<\/li>\n\n\n\n<li><strong>Cookies de personalizaci\u00f3n<\/strong>Son aquellas que permiten al usuario acceder al servicio con algunas caracter\u00edsticas de car\u00e1cter general predefinidas en funci\u00f3n de una serie de criterios en el terminal del usuario como por ejemplo serian el idioma, el tipo de navegador, etc.<\/li>\n\n\n\n<li><strong>Cookies anal\u00edticas<\/strong>Son cookies que permiten el seguimiento y an\u00e1lisis del comportamiento de los usuarios en los sitios web a los que est\u00e1n vinculadas. La informaci\u00f3n recopilada mediante estas cookies se utiliza para medir la actividad del sitio web, la aplicaci\u00f3n o la plataforma y para crear perfiles de navegaci\u00f3n de los usuarios.<\/li>\n\n\n\n<li><strong>Cookies publicitarias<\/strong>Estas son las que permiten la gesti\u00f3n m\u00e1s eficiente de los espacios publicitarios.<\/li>\n\n\n\n<li><strong>Cookies de publicidad comportamental<\/strong>Estas cookies almacenan informaci\u00f3n del comportamiento del usuario obtenida a trav\u00e9s de la observaci\u00f3n continuada de sus h\u00e1bitos de navegaci\u00f3n, lo que permite desarrollar un perfil espec\u00edfico para mostrar publicidad en funci\u00f3n del mismo.<\/li>\n\n\n\n<li><strong>Cookies de redes sociales de terceros<\/strong>Estas cookies se utilizan para permitir a los visitantes interactuar con el contenido de diferentes redes sociales (Facebook, YouTube, X, LinkedIn, etc.) y se generan exclusivamente para los usuarios de dichas redes. Las condiciones de uso de estas cookies y la informaci\u00f3n recopilada se rigen por la pol\u00edtica de privacidad de la red social correspondiente.<\/li>\n<\/ol>\n\n\n\n<p>Actualmente, en el sitio web se utilizan los siguientes tipos de cookies:<\/p>\n\n\n\n<figure class=\"wp-block-table\"><table class=\"has-fixed-layout\"><tbody><tr><td colspan=\"2\"><strong>Galletas<\/strong><\/td><td><strong>Objetivo<\/strong><\/td><td><strong>Exclusi\u00f3n voluntaria<\/strong><\/td><\/tr><tr><td colspan=\"4\">Cookies de origen<\/td><\/tr><tr><td colspan=\"2\">T\u00e9cnicas<\/td><td>Gestionan la correcta navegaci\u00f3n a trav\u00e9s de la Web y su contenido, permitiendo identificar las sesiones de los usuarios y proteger su uso.<\/td><td>N \/ A<\/td><\/tr><tr><td colspan=\"2\">Personalizaci\u00f3n<\/td><td>Permiten mejorar la experiencia del usuario almacenando variables personalizadas como el idioma o las preferencias de navegaci\u00f3n.<\/td><td>N \/ A<\/td><\/tr><tr><td colspan=\"4\">Cookies de terceros (La siguiente informaci\u00f3n ha sido proporcionada por dichos terceros)<\/td><\/tr><tr><td>An\u00e1lisis<\/td><td>Google Analytics<\/td><td>Este sitio web utiliza Google Analytics, un servicio de an\u00e1lisis web proporcionado por Google, Inc., una empresa de Delaware con sede en 1600 Amphitheatre Parkway, Mountain View, CA 94043, EE. UU. (\u00abGoogle\u00bb). La informaci\u00f3n generada por la cookie sobre su uso del sitio web (incluida su direcci\u00f3n IP) ser\u00e1 transmitida y almacenada por Google en servidores de Estados Unidos. Google utilizar\u00e1 esta informaci\u00f3n en nombre de ZENKS! para evaluar su uso del sitio web, recopilar informes sobre la actividad del sitio web y prestar otros servicios relacionados con la actividad del sitio web y el uso de internet. Google no asociar\u00e1 su direcci\u00f3n IP con ning\u00fan otro dato del que disponga Google.<\/td><td><a href=\"https:\/\/www.google.es\/intl\/es\/policies\/technologies\/cookies\/\" rel=\"noopener\">Pol\u00edtica de Google<\/a><\/td><\/tr><tr><td rowspan=\"3\">Redes sociales<\/td><td>X (Twitter)<\/td><td>X nos proporciona botones y otras funciones para que puedas compartir enlaces a nuestro sitio web en tu perfil. La informaci\u00f3n enviada a X fuera de la UE, relacionada con las p\u00e1ginas que has visitado o tus intereses, es utilizada por X de acuerdo con sus pol\u00edticas de privacidad.<\/td><td><a href=\"https:\/\/x.com\/es\/privacy\">Pol\u00edtica X<\/a><\/td><\/tr><tr><td>YouTube<\/td><td>Su funci\u00f3n es almacenar las preferencias de configuraci\u00f3n (v\u00eddeos de YouTube). La informaci\u00f3n enviada fuera de la UE a YouTube, relativa a los v\u00eddeos que has visto o a las p\u00e1ginas que te interesan, es utilizada por YouTube de acuerdo con sus pol\u00edticas de privacidad y de cookies.<\/td><td><a href=\"https:\/\/www.google.es\/intl\/es\/policies\/technologies\/cookies\/\" rel=\"noopener\">Pol\u00edtica de Google<\/a><\/td><\/tr><tr><td>Facebook y LinkedIn<\/td><td colspan=\"2\">Depende de cada red social.<\/td><\/tr><\/tbody><\/table><\/figure>\n\n\n\n<p>Los sistemas de inhabilitaci\u00f3n espec\u00edficos indicados en la tabla anterior para la cookie correspondiente (estos sistemas pueden implicar la instalaci\u00f3n de una cookie de inhabilitaci\u00f3n en su dispositivo para garantizar que su desactivaci\u00f3n sea efectiva); u otras herramientas de terceros, disponibles en l\u00ednea, que permiten a los usuarios detectar cookies en cada sitio web que visitan y gestionar su desactivaci\u00f3n. Como usuario, puede elegir qu\u00e9 cookies desea permitir en el sitio web en cualquier momento a trav\u00e9s de la configuraci\u00f3n de su navegador; por ejemplo:<\/p>\n\n\n\n<ul class=\"wp-block-list\">\n<li><a href=\"http:\/\/support.google.com\/chrome\/bin\/answer.py?hl=es&amp;answer=95647\" rel=\"noopener\">Instrucciones para Google Chrome<\/a><\/li>\n\n\n\n<li><a href=\"http:\/\/windows.microsoft.com\/es-es\/windows7\/how-to-manage-cookies-in-internet-explorer-9\" rel=\"noopener\">Instrucciones para Internet Explorer<\/a><\/li>\n\n\n\n<li><a href=\"http:\/\/support.mozilla.org\/es\/kb\/habilitar-y-deshabilitar-cookies-que-los-sitios-we\" rel=\"noopener\">Instrucciones para Firefox<\/a><\/li>\n\n\n\n<li><a href=\"http:\/\/support.apple.com\/kb\/ph5042\" rel=\"noopener\">Instrucciones de Safari<\/a><\/li>\n<\/ul>\n\n\n\n<p>IPOXIC no se hace responsable del contenido y veracidad de las pol\u00edticas de privacidad de los terceros incluidas en esta pol\u00edtica de cookies.<\/p>\n\n\n\n<p>Si tiene alguna duda sobre esta pol\u00edtica de cookies, puede dirigirse a info@ipoxic.com.<\/p>\n","protected":false},"excerpt":{"rendered":"<p>Las cookies son peque\u00f1os archivos de datos que se env\u00edan y almacenan en el dispositivo que utiliza para acceder a nuestro sitio web (tel\u00e9fono m\u00f3vil, ordenador, tableta o Smart TV), lo que facilita su uso. Este sitio web utiliza cookies para ofrecerle un mejor servicio. IPOXIC PROJECT SL utiliza cookies propias y de terceros que [&hellip;]<\/p>\n","protected":false},"author":1,"featured_media":0,"parent":0,"menu_order":0,"comment_status":"closed","ping_status":"closed","template":"","meta":{"_acf_changed":false,"footnotes":""},"class_list":["post-581","page","type-page","status-publish","hentry"],"acf":[],"_links":{"self":[{"href":"https:\/\/ipoxic.com\/es\/wp-json\/wp\/v2\/pages\/581","targetHints":{"allow":["GET"]}}],"collection":[{"href":"https:\/\/ipoxic.com\/es\/wp-json\/wp\/v2\/pages"}],"about":[{"href":"https:\/\/ipoxic.com\/es\/wp-json\/wp\/v2\/types\/page"}],"author":[{"embeddable":true,"href":"https:\/\/ipoxic.com\/es\/wp-json\/wp\/v2\/users\/1"}],"replies":[{"embeddable":true,"href":"https:\/\/ipoxic.com\/es\/wp-json\/wp\/v2\/comments?post=581"}],"version-history":[{"count":1,"href":"https:\/\/ipoxic.com\/es\/wp-json\/wp\/v2\/pages\/581\/revisions"}],"predecessor-version":[{"id":582,"href":"https:\/\/ipoxic.com\/es\/wp-json\/wp\/v2\/pages\/581\/revisions\/582"}],"wp:attachment":[{"href":"https:\/\/ipoxic.com\/es\/wp-json\/wp\/v2\/media?parent=581"}],"curies":[{"name":"wp","href":"https:\/\/api.w.org\/{rel}","templated":true}]}}