{"id":583,"date":"2026-01-21T14:50:26","date_gmt":"2026-01-21T13:50:26","guid":{"rendered":"https:\/\/ipoxic.com\/aviso-legal\/"},"modified":"2026-01-23T16:10:08","modified_gmt":"2026-01-23T15:10:08","slug":"aviso-legal","status":"publish","type":"page","link":"https:\/\/ipoxic.com\/es\/aviso-legal\/","title":{"rendered":"Aviso legal"},"content":{"rendered":"\n<p>El sitio web ipotxic.com es propiedad de IPOXIC PROJECT SL (en adelante, IPOXIC), con sede social para fines de notificaci\u00f3n en C\/ Antoni Clap\u00e9s, 24-08391 Tiana (Barcelona), NIF no. B22616593 y direcci\u00f3n de correo electr\u00f3nico info@ipoxic.com, y a trav\u00e9s de ella se proporciona informaci\u00f3n sobre sus actividades.<\/p>\n\n<p>El acceso y uso de este sitio web otorga el estatus de \u00abUsuario\u00bb a la persona que lo accede e implica la aceptaci\u00f3n plena, expresa y sin reservas de estos t\u00e9rminos y condiciones generales, que est\u00e1n vigentes en el momento del acceso. Si el usuario no entiende completamente estos t\u00e9rminos de uso o no est\u00e1 de acuerdo con ellos, debe abstenerse de usar y operar a trav\u00e9s de este sitio web.<\/p>\n\n<p>Estos t\u00e9rminos y condiciones generales rigen \u00fanica y exclusivamente el uso del sitio web de IPOXIC por parte de los usuarios que acceden y\/o navegan por ipotxic.com. Estos t\u00e9rminos y condiciones generales se muestran en cada p\u00e1gina del sitio web de ipotxic.com para que los usuarios puedan leerlos, imprimirlos y guardarlos.<\/p>\n\n<p><strong>PRIMERO. &#8211; CONDICIONES DE ACCESO Y USO.<\/strong><\/p>\n\n<p>El uso de la p\u00e1gina web de IPOXIC es gratuito y no requiere registro previo de usuario. En los casos en que el acceso y\/o uso de ciertos servicios y\/o contenidos requiera registro o suscripci\u00f3n de usuario, los usuarios deben primero aceptar la Pol\u00edtica de Privacidad correspondiente y los T\u00e9rminos y Condiciones Generales espec\u00edficos; El acceso no ser\u00e1 posible sin tal aceptaci\u00f3n.<\/p>\n\n<p>El acceso y uso de este sitio web est\u00e1n estrictamente regulados por la legislaci\u00f3n vigente y el principio de buena fe, y los usuarios aceptan utilizar el sitio web de forma responsable. Est\u00e1n prohibidas todas las acciones que infrinjan los derechos o intereses de terceros (derecho a la privacidad, protecci\u00f3n de datos, propiedad intelectual, etc.) o que violen la legislaci\u00f3n vigente.<\/p>\n\n<p>IPOXIC proh\u00edbe expresamente:<\/p>\n\n<p>Realizar acciones que puedan causar cualquier tipo de da\u00f1o a los sistemas de IPOXIC o a terceros en o a trav\u00e9s del sitio web, por cualquier medio.<\/p>\n\n<p>Llevar a cabo, sin la debida autorizaci\u00f3n, cualquier tipo de publicidad o informaci\u00f3n comercial, directa o encubierta, enviar correos masivos (\u00abspam\u00bb) o enviar mensajes grandes para bloquear servidores de red (\u00abbombardeo de correo\u00bb).<\/p>\n\n<p>El usuario se compromete a no utilizar el sitio web, ni el contenido, la informaci\u00f3n y\/o los servicios que ofrece en \u00e9l para actividades contrarias a la ley y a respetar estas condiciones generales en todo momento.<\/p>\n\n<p>IPOXIC puede interrumpir el acceso a su sitio web en cualquier momento si detecta un uso contrario a la ley, la buena fe o estas condiciones generales.<\/p>\n\n<p><strong>SEGUNDO.- CONTENIDO.<\/strong><\/p>\n\n<p>El contenido incorporado en este sitio web ha sido creado e incluido por IPOXIC, utilizando fuentes internas y externas, por lo que IPOXIC solo es responsable del contenido creado internamente.<\/p>\n\n<p>IPOXIC se reserva el derecho de modificar el contenido de su sitio web en cualquier momento. IPOXIC no garantiza ni asume responsabilidad por el correcto funcionamiento de los enlaces a sitios web de terceros que aparecen en ipoxic.com.<\/p>\n\n<p>Adem\u00e1s, a trav\u00e9s del sitio web ipoxic.com, los usuarios pueden acceder a servicios gratuitos y\/o de pago ofrecidos por terceros, que estar\u00e1n regulados por los t\u00e9rminos y condiciones espec\u00edficos de dichos servicios. IPOXIC no garantiza la veracidad, exactitud ni actualidad del contenido y servicios ofrecidos por terceros y est\u00e1 expresamente exenta de cualquier responsabilidad por da\u00f1os que puedan derivar de la inexactitud de dicho contenido y servicios.<\/p>\n\n<p><strong>TERCERO. &#8211; RESPONSABILIDAD.<\/strong><\/p>\n\n<p>IPOXIC bajo ninguna circunstancia ser\u00e1 responsable de:<\/p>\n\n<p>Fallas e incidentes que pueden ocurrir en comunicaciones, eliminaciones o transmisiones incompletas, por lo que no est\u00e1 garantizado que los servicios del sitio web est\u00e9n operativos de forma constante.<\/p>\n\n<p>De la producci\u00f3n de cualquier tipo de da\u00f1o que los usuarios o terceros puedan causar en el sitio web.<\/p>\n\n<p>Respecto a la fiabilidad y veracidad de la informaci\u00f3n introducida por terceros en la web, ya sea directamente o a trav\u00e9s de enlaces.<\/p>\n\n<p>IPOXIC se reserva el derecho de suspender el acceso sin previo aviso, a su discreci\u00f3n y de forma permanente o temporal, hasta que se asegure la responsabilidad efectiva por cualquier da\u00f1o que pueda ocurrir.<\/p>\n\n<p>IPOXIC colaborar\u00e1 y notificar\u00e1 a la autoridad competente sobre los incidentes mencionados tan pronto como tenga conocimiento fiable de que el da\u00f1o causado constituye alg\u00fan tipo de actividad ilegal.<\/p>\n\n<p><strong>CUARTO. &#8211; DERECHOS DE AUTOR<\/strong><\/p>\n\n<p>El contenido, la programaci\u00f3n y el dise\u00f1o de la ipotxic.com del sitio web est\u00e1n totalmente protegidos por derechos de autor, y cualquier reproducci\u00f3n, comunicaci\u00f3n, distribuci\u00f3n o transformaci\u00f3n de estos elementos protegidos est\u00e1 expresamente prohibida sin el consentimiento expreso de IPOXIC.<\/p>\n\n<p>IPOXIC puede utilizar fuentes externas para su contenido y establecer enlaces o hiperv\u00ednculos a art\u00edculos o informaci\u00f3n de terceros, citando siempre la fuente. El titular leg\u00edtimo de los derechos de autor de la informaci\u00f3n as\u00ed incluida puede solicitar su eliminaci\u00f3n en cualquier momento.<\/p>\n\n<p>Los materiales, tanto gr\u00e1ficos como escritos, enviados por los usuarios a trav\u00e9s de los medios disponibles en la web, son propiedad del usuario, quien lo confirma envi\u00e1ndole su autor\u00eda leg\u00edtima y cede los derechos de reproducci\u00f3n y distribuci\u00f3n a IPOXIC.<\/p>\n\n<p><strong>QUINTO.- JURISDICCI\u00d3N Y LEGISLACI\u00d3N APLICABLE<\/strong><\/p>\n\n<p>Estos t\u00e9rminos y condiciones generales est\u00e1n regulados por la legislaci\u00f3n espa\u00f1ola. Los tribunales de Espa\u00f1a tendr\u00e1n jurisdicci\u00f3n para resolver cualquier disputa o conflicto derivado de estos t\u00e9rminos y condiciones generales, y el usuario renuncia expresamente a cualquier otra jurisdicci\u00f3n que pueda aplicarse.<\/p>\n\n<p><strong>VIERNES &#8211; MISCEL\u00c1NEOS.<\/strong><\/p>\n\n<p>Si alguna cl\u00e1usula de este documento es declarada nula y sin efecto, las cl\u00e1usulas restantes permanecer\u00e1n en pleno vigor y deber\u00e1n interpretarse teniendo en cuenta la intenci\u00f3n de las partes y el prop\u00f3sito de estos t\u00e9rminos y condiciones. IPOXIC puede optar por no ejercer ninguno de los derechos y poderes otorgados en este documento, lo que en ning\u00fan caso implicar\u00e1 una renuncia a dichos derechos y poderes, salvo que IPOXIC lo reconozca expresamente.<\/p>\n","protected":false},"excerpt":{"rendered":"<p>El sitio web ipotxic.com es propiedad de IPOXIC PROJECT SL (en adelante, IPOXIC), con sede social para fines de notificaci\u00f3n en C\/ Antoni Clap\u00e9s, 24-08391 Tiana (Barcelona), NIF no. B22616593 y direcci\u00f3n de correo electr\u00f3nico info@ipoxic.com, y a trav\u00e9s de ella se proporciona informaci\u00f3n sobre sus actividades. El acceso y uso de este sitio web [&hellip;]<\/p>\n","protected":false},"author":1,"featured_media":0,"parent":0,"menu_order":0,"comment_status":"closed","ping_status":"closed","template":"","meta":{"_acf_changed":false,"footnotes":""},"class_list":["post-583","page","type-page","status-publish","hentry"],"acf":[],"_links":{"self":[{"href":"https:\/\/ipoxic.com\/es\/wp-json\/wp\/v2\/pages\/583","targetHints":{"allow":["GET"]}}],"collection":[{"href":"https:\/\/ipoxic.com\/es\/wp-json\/wp\/v2\/pages"}],"about":[{"href":"https:\/\/ipoxic.com\/es\/wp-json\/wp\/v2\/types\/page"}],"author":[{"embeddable":true,"href":"https:\/\/ipoxic.com\/es\/wp-json\/wp\/v2\/users\/1"}],"replies":[{"embeddable":true,"href":"https:\/\/ipoxic.com\/es\/wp-json\/wp\/v2\/comments?post=583"}],"version-history":[{"count":1,"href":"https:\/\/ipoxic.com\/es\/wp-json\/wp\/v2\/pages\/583\/revisions"}],"predecessor-version":[{"id":584,"href":"https:\/\/ipoxic.com\/es\/wp-json\/wp\/v2\/pages\/583\/revisions\/584"}],"wp:attachment":[{"href":"https:\/\/ipoxic.com\/es\/wp-json\/wp\/v2\/media?parent=583"}],"curies":[{"name":"wp","href":"https:\/\/api.w.org\/{rel}","templated":true}]}}