{"id":604,"date":"2026-01-21T16:34:25","date_gmt":"2026-01-21T16:34:25","guid":{"rendered":"https:\/\/ipoxic.com\/product\/sudadera-con-capucha-para-hombre-ipoxic-cruiser-2-0\/"},"modified":"2026-01-27T10:01:06","modified_gmt":"2026-01-27T09:01:06","slug":"sudadera-con-capucha-para-hombre-ipoxic-cruiser-2-0","status":"publish","type":"product","link":"https:\/\/ipoxic.com\/es\/producto\/sudadera-con-capucha-para-hombre-ipoxic-cruiser-2-0\/","title":{"rendered":"Sudadera con capucha para hombre &#8211; Ipoxic Cruiser 2.0"},"content":{"rendered":"<p>La <strong>Ipoxic Cruiser 2.0<\/strong> es una sudadera unisex de alto gramaje con interior perchado, dise\u00f1ada para ofrecer durabilidad, confort t\u00e9rmico y un acabado premium.<br \/>\nPresenta un <strong>corte regular<\/strong> con hombros ligeramente ca\u00eddos y construcci\u00f3n en felpa de tres hilos con tacto suave al exterior gracias al tratamiento \u201c<strong>lisse finish<\/strong>\u201d.<\/p>\n<p>Equipada con <strong>capucha doble forrada<\/strong>, <strong>cord\u00f3n redondo<\/strong> tono sobre tono con puntas met\u00e1licas cerradas y <strong>ojales bordados<\/strong>. la sudadera incorpora <strong>bolsillo frontal tipo canguro<\/strong> y remates de <strong>canal\u00e9 <\/strong>1&#215;1 en pu\u00f1os y bajo. Las costuras est\u00e1n reforzadas con <strong>doble pespunte en hombros<\/strong>, sisas, pu\u00f1os y dobladillo.<\/p>\n<p>El logotipo Ipoxic est\u00e1 serigrafiado con tintas <strong>Pantone al agua sobre el pecho<\/strong>, asegurando alta fidelidad crom\u00e1tica y compromiso con procesos sostenibles de estampaci\u00f3n.<\/p>\n","protected":false},"excerpt":{"rendered":"<p>La Ipoxic Cruiser 2.0 es una sudadera unisex de alto gramaje con interior perchado, dise\u00f1ada para ofrecer durabilidad, confort t\u00e9rmico y un acabado premium. Presenta un corte regular con hombros ligeramente ca\u00eddos y construcci\u00f3n en felpa de tres hilos con tacto suave al exterior gracias al tratamiento \u201clisse finish\u201d. Equipada con capucha doble forrada, cord\u00f3n [&hellip;]<\/p>\n","protected":false},"featured_media":596,"template":"","meta":{"_acf_changed":false},"product_brand":[],"product_cat":[94,95],"product_tag":[],"class_list":{"0":"post-604","1":"product","2":"type-product","3":"status-publish","4":"has-post-thumbnail","6":"product_cat-hombre","7":"product_cat-sudaderas","9":"first","10":"instock","11":"shipping-taxable","12":"purchasable","13":"product-type-variable","14":"has-default-attributes"},"acf":[],"_links":{"self":[{"href":"https:\/\/ipoxic.com\/es\/wp-json\/wp\/v2\/product\/604","targetHints":{"allow":["GET"]}}],"collection":[{"href":"https:\/\/ipoxic.com\/es\/wp-json\/wp\/v2\/product"}],"about":[{"href":"https:\/\/ipoxic.com\/es\/wp-json\/wp\/v2\/types\/product"}],"wp:featuredmedia":[{"embeddable":true,"href":"https:\/\/ipoxic.com\/es\/wp-json\/wp\/v2\/media\/596"}],"wp:attachment":[{"href":"https:\/\/ipoxic.com\/es\/wp-json\/wp\/v2\/media?parent=604"}],"wp:term":[{"taxonomy":"product_brand","embeddable":true,"href":"https:\/\/ipoxic.com\/es\/wp-json\/wp\/v2\/product_brand?post=604"},{"taxonomy":"product_cat","embeddable":true,"href":"https:\/\/ipoxic.com\/es\/wp-json\/wp\/v2\/product_cat?post=604"},{"taxonomy":"product_tag","embeddable":true,"href":"https:\/\/ipoxic.com\/es\/wp-json\/wp\/v2\/product_tag?post=604"}],"curies":[{"name":"wp","href":"https:\/\/api.w.org\/{rel}","templated":true}]}}